{"id":865,"date":"2024-01-22T14:14:51","date_gmt":"2024-01-22T13:14:51","guid":{"rendered":"https:\/\/julientaran.com\/?page_id=865"},"modified":"2024-01-22T16:15:43","modified_gmt":"2024-01-22T15:15:43","slug":"plk_gazo","status":"publish","type":"page","link":"https:\/\/julientaran.com\/index.php\/plk_gazo\/","title":{"rendered":"plk_gazo"},"content":{"rendered":"\t\t<div data-elementor-type=\"wp-page\" data-elementor-id=\"865\" class=\"elementor elementor-865\">\n\t\t\t\t<div class=\"elementor-element elementor-element-9c33e04 e-flex e-con-boxed wpr-particle-no wpr-jarallax-no wpr-parallax-no wpr-sticky-section-no e-con e-parent\" data-id=\"9c33e04\" data-element_type=\"container\">\n\t\t\t\t\t<div class=\"e-con-inner\">\n\t\t<div class=\"elementor-element elementor-element-2d37b58 e-con-full e-flex wpr-particle-no wpr-jarallax-no wpr-parallax-no wpr-sticky-section-no e-con e-child\" data-id=\"2d37b58\" data-element_type=\"container\">\n\t\t<div class=\"elementor-element elementor-element-e2657bc e-con-full e-flex wpr-particle-no wpr-jarallax-no wpr-parallax-no wpr-sticky-section-no e-con e-child\" data-id=\"e2657bc\" data-element_type=\"container\">\n\t\t\t\t<div class=\"elementor-element elementor-element-7a3faa7 elementor-widget elementor-widget-video\" data-id=\"7a3faa7\" data-element_type=\"widget\" data-settings=\"{&quot;youtube_url&quot;:&quot;https:\\\/\\\/www.youtube.com\\\/watch?v=9bbl18W63Mg&amp;ab_channel=PLKTV&quot;,&quot;video_type&quot;:&quot;youtube&quot;}\" data-widget_type=\"video.default\">\n\t\t\t\t<div class=\"elementor-widget-container\">\n\t\t\t\t\t\t\t<div class=\"elementor-wrapper elementor-open-inline\">\n\t\t\t<div class=\"elementor-video\"><\/div>\t\t<\/div>\n\t\t\t\t\t\t<\/div>\n\t\t\t\t<\/div>\n\t\t\t\t<\/div>\n\t\t\t\t<\/div>\n\t\t<div class=\"elementor-element elementor-element-7df0359 e-con-full e-flex wpr-particle-no wpr-jarallax-no wpr-parallax-no wpr-sticky-section-no e-con e-child\" data-id=\"7df0359\" data-element_type=\"container\">\n\t\t<div class=\"elementor-element elementor-element-fb28775 e-flex e-con-boxed wpr-particle-no wpr-jarallax-no wpr-parallax-no wpr-sticky-section-no e-con e-child\" data-id=\"fb28775\" data-element_type=\"container\">\n\t\t\t\t\t<div class=\"e-con-inner\">\n\t\t<div class=\"elementor-element elementor-element-09560f7 e-con-full e-flex wpr-particle-no wpr-jarallax-no wpr-parallax-no wpr-sticky-section-no e-con e-child\" data-id=\"09560f7\" data-element_type=\"container\">\n\t\t\t\t<div class=\"elementor-element elementor-element-e4ff342 elementor-widget elementor-widget-heading\" data-id=\"e4ff342\" data-element_type=\"widget\" data-widget_type=\"heading.default\">\n\t\t\t\t<div class=\"elementor-widget-container\">\n\t\t\t\t\t<h1 class=\"elementor-heading-title elementor-size-default\">PLK ft Gazo - Ca m\u00e8ne \u00e0 rien (2024)<\/h1>\t\t\t\t<\/div>\n\t\t\t\t<\/div>\n\t\t\t\t<div class=\"elementor-element elementor-element-7e04efd elementor-widget elementor-widget-text-editor\" data-id=\"7e04efd\" data-element_type=\"widget\" data-widget_type=\"text-editor.default\">\n\t\t\t\t<div class=\"elementor-widget-container\">\n\t\t\t\t\t\t\t\t\t<p>ASSISTANT DE PRODUCTION<\/p>\t\t\t\t\t\t\t\t<\/div>\n\t\t\t\t<\/div>\n\t\t\t\t<div class=\"elementor-element elementor-element-8d8413d elementor-widget elementor-widget-text-editor\" data-id=\"8d8413d\" data-element_type=\"widget\" data-widget_type=\"text-editor.default\">\n\t\t\t\t<div class=\"elementor-widget-container\">\n\t\t\t\t\t\t\t\t\t<p>PHOTOGRAPHE<\/p>\t\t\t\t\t\t\t\t<\/div>\n\t\t\t\t<\/div>\n\t\t\t\t<div class=\"elementor-element elementor-element-1f6d143 elementor-widget elementor-widget-text-editor\" data-id=\"1f6d143\" data-element_type=\"widget\" data-widget_type=\"text-editor.default\">\n\t\t\t\t<div class=\"elementor-widget-container\">\n\t\t\t\t\t\t\t\t\t<p>Produit par Cream et Dat-Way, r\u00e9alis\u00e9 par Elisa Baudoin.<\/p><p>Photographie des deux artistes \u00e0 la fin du clip pour les r\u00e9seaux sociaux.<\/p>\t\t\t\t\t\t\t\t<\/div>\n\t\t\t\t<\/div>\n\t\t\t\t<\/div>\n\t\t\t\t\t<\/div>\n\t\t\t\t<\/div>\n\t\t\t\t<\/div>\n\t\t\t\t\t<\/div>\n\t\t\t\t<\/div>\n\t\t<div class=\"elementor-element elementor-element-eff2c21 e-flex e-con-boxed wpr-particle-no wpr-jarallax-no wpr-parallax-no wpr-sticky-section-no e-con e-parent\" data-id=\"eff2c21\" data-element_type=\"container\">\n\t\t\t\t\t<div class=\"e-con-inner\">\n\t\t\t\t<div class=\"elementor-element elementor-element-0689aee elementor-widget elementor-widget-image\" data-id=\"0689aee\" data-element_type=\"widget\" data-widget_type=\"image.default\">\n\t\t\t\t<div class=\"elementor-widget-container\">\n\t\t\t\t\t\t\t\t\t\t\t\t\t\t\t<img fetchpriority=\"high\" decoding=\"async\" width=\"883\" height=\"1024\" src=\"https:\/\/julientaran.com\/wp-content\/uploads\/2024\/01\/PLK_Gazo_2-883x1024.jpg\" class=\"attachment-large size-large wp-image-870\" alt=\"\" srcset=\"https:\/\/julientaran.com\/wp-content\/uploads\/2024\/01\/PLK_Gazo_2-883x1024.jpg 883w, https:\/\/julientaran.com\/wp-content\/uploads\/2024\/01\/PLK_Gazo_2-259x300.jpg 259w, https:\/\/julientaran.com\/wp-content\/uploads\/2024\/01\/PLK_Gazo_2-768x891.jpg 768w, https:\/\/julientaran.com\/wp-content\/uploads\/2024\/01\/PLK_Gazo_2-1325x1536.jpg 1325w, https:\/\/julientaran.com\/wp-content\/uploads\/2024\/01\/PLK_Gazo_2-1766x2048.jpg 1766w\" sizes=\"(max-width: 883px) 100vw, 883px\" \/>\t\t\t\t\t\t\t\t\t\t\t\t\t\t\t<\/div>\n\t\t\t\t<\/div>\n\t\t\t\t<div class=\"elementor-element elementor-element-961a1bb elementor-widget elementor-widget-image\" data-id=\"961a1bb\" data-element_type=\"widget\" data-widget_type=\"image.default\">\n\t\t\t\t<div class=\"elementor-widget-container\">\n\t\t\t\t\t\t\t\t\t\t\t\t\t\t\t<img decoding=\"async\" width=\"884\" height=\"1024\" src=\"https:\/\/julientaran.com\/wp-content\/uploads\/2024\/01\/PLK_Gazo_1-884x1024.jpg\" class=\"attachment-large size-large wp-image-869\" alt=\"\" srcset=\"https:\/\/julientaran.com\/wp-content\/uploads\/2024\/01\/PLK_Gazo_1-884x1024.jpg 884w, https:\/\/julientaran.com\/wp-content\/uploads\/2024\/01\/PLK_Gazo_1-259x300.jpg 259w, https:\/\/julientaran.com\/wp-content\/uploads\/2024\/01\/PLK_Gazo_1-768x890.jpg 768w, https:\/\/julientaran.com\/wp-content\/uploads\/2024\/01\/PLK_Gazo_1-1325x1536.jpg 1325w, https:\/\/julientaran.com\/wp-content\/uploads\/2024\/01\/PLK_Gazo_1-1767x2048.jpg 1767w\" sizes=\"(max-width: 884px) 100vw, 884px\" \/>\t\t\t\t\t\t\t\t\t\t\t\t\t\t\t<\/div>\n\t\t\t\t<\/div>\n\t\t\t\t\t<\/div>\n\t\t\t\t<\/div>\n\t\t\t\t<\/div>\n\t\t","protected":false},"excerpt":{"rendered":"<p>PLK ft Gazo &#8211; Ca m\u00e8ne \u00e0 rien (2024) ASSISTANT DE PRODUCTION PHOTOGRAPHE Produit par Cream et Dat-Way, r\u00e9alis\u00e9 par Elisa Baudoin. Photographie des deux artistes \u00e0 la fin du clip pour les r\u00e9seaux sociaux.<\/p>\n","protected":false},"author":1,"featured_media":0,"parent":0,"menu_order":0,"comment_status":"closed","ping_status":"closed","template":"","meta":{"_monsterinsights_skip_tracking":false,"_monsterinsights_sitenote_active":false,"_monsterinsights_sitenote_note":"","_monsterinsights_sitenote_category":0,"ocean_post_layout":"","ocean_both_sidebars_style":"","ocean_both_sidebars_content_width":0,"ocean_both_sidebars_sidebars_width":0,"ocean_sidebar":"","ocean_second_sidebar":"","ocean_disable_margins":"enable","ocean_add_body_class":"","ocean_shortcode_before_top_bar":"","ocean_shortcode_after_top_bar":"","ocean_shortcode_before_header":"","ocean_shortcode_after_header":"","ocean_has_shortcode":"","ocean_shortcode_after_title":"","ocean_shortcode_before_footer_widgets":"","ocean_shortcode_after_footer_widgets":"","ocean_shortcode_before_footer_bottom":"","ocean_shortcode_after_footer_bottom":"","ocean_display_top_bar":"default","ocean_display_header":"default","ocean_header_style":"","ocean_center_header_left_menu":"","ocean_custom_header_template":"","ocean_custom_logo":0,"ocean_custom_retina_logo":0,"ocean_custom_logo_max_width":0,"ocean_custom_logo_tablet_max_width":0,"ocean_custom_logo_mobile_max_width":0,"ocean_custom_logo_max_height":0,"ocean_custom_logo_tablet_max_height":0,"ocean_custom_logo_mobile_max_height":0,"ocean_header_custom_menu":"","ocean_menu_typo_font_family":"","ocean_menu_typo_font_subset":"","ocean_menu_typo_font_size":0,"ocean_menu_typo_font_size_tablet":0,"ocean_menu_typo_font_size_mobile":0,"ocean_menu_typo_font_size_unit":"px","ocean_menu_typo_font_weight":"","ocean_menu_typo_font_weight_tablet":"","ocean_menu_typo_font_weight_mobile":"","ocean_menu_typo_transform":"","ocean_menu_typo_transform_tablet":"","ocean_menu_typo_transform_mobile":"","ocean_menu_typo_line_height":0,"ocean_menu_typo_line_height_tablet":0,"ocean_menu_typo_line_height_mobile":0,"ocean_menu_typo_line_height_unit":"","ocean_menu_typo_spacing":0,"ocean_menu_typo_spacing_tablet":0,"ocean_menu_typo_spacing_mobile":0,"ocean_menu_typo_spacing_unit":"","ocean_menu_link_color":"","ocean_menu_link_color_hover":"","ocean_menu_link_color_active":"","ocean_menu_link_background":"","ocean_menu_link_hover_background":"","ocean_menu_link_active_background":"","ocean_menu_social_links_bg":"","ocean_menu_social_hover_links_bg":"","ocean_menu_social_links_color":"","ocean_menu_social_hover_links_color":"","ocean_disable_title":"default","ocean_disable_heading":"default","ocean_post_title":"","ocean_post_subheading":"","ocean_post_title_style":"","ocean_post_title_background_color":"","ocean_post_title_background":0,"ocean_post_title_bg_image_position":"","ocean_post_title_bg_image_attachment":"","ocean_post_title_bg_image_repeat":"","ocean_post_title_bg_image_size":"","ocean_post_title_height":0,"ocean_post_title_bg_overlay":0.5,"ocean_post_title_bg_overlay_color":"","ocean_disable_breadcrumbs":"default","ocean_breadcrumbs_color":"","ocean_breadcrumbs_separator_color":"","ocean_breadcrumbs_links_color":"","ocean_breadcrumbs_links_hover_color":"","ocean_display_footer_widgets":"default","ocean_display_footer_bottom":"default","ocean_custom_footer_template":"","footnotes":""},"yoast_head":"<!-- This site is optimized with the Yoast SEO plugin v22.3 - https:\/\/yoast.com\/wordpress\/plugins\/seo\/ -->\n<title>plk_gazo &#8226; Julien TARAN<\/title>\n<meta name=\"robots\" content=\"noindex, follow\" \/>\n<meta property=\"og:locale\" content=\"en_US\" \/>\n<meta property=\"og:type\" content=\"article\" \/>\n<meta property=\"og:title\" content=\"plk_gazo &#8226; Julien TARAN\" \/>\n<meta property=\"og:description\" content=\"PLK ft Gazo &#8211; Ca m\u00e8ne \u00e0 rien (2024) ASSISTANT DE PRODUCTION PHOTOGRAPHE Produit par Cream et Dat-Way, r\u00e9alis\u00e9 par Elisa Baudoin. Photographie des deux artistes \u00e0 la fin du clip pour les r\u00e9seaux sociaux.\" \/>\n<meta property=\"og:url\" content=\"https:\/\/julientaran.com\/index.php\/plk_gazo\/\" \/>\n<meta property=\"og:site_name\" content=\"Julien TARAN\" \/>\n<meta property=\"article:modified_time\" content=\"2024-01-22T15:15:43+00:00\" \/>\n<meta property=\"og:image\" content=\"http:\/\/julientaran.com\/wp-content\/uploads\/2024\/01\/PLK_Gazo_2-883x1024.jpg\" \/>\n<meta name=\"twitter:card\" content=\"summary_large_image\" \/>\n<meta name=\"twitter:label1\" content=\"Est. reading time\" \/>\n\t<meta name=\"twitter:data1\" content=\"1 minute\" \/>\n<script type=\"application\/ld+json\" class=\"yoast-schema-graph\">{\"@context\":\"https:\/\/schema.org\",\"@graph\":[{\"@type\":\"WebPage\",\"@id\":\"https:\/\/julientaran.com\/index.php\/plk_gazo\/\",\"url\":\"https:\/\/julientaran.com\/index.php\/plk_gazo\/\",\"name\":\"plk_gazo &#8226; Julien TARAN\",\"isPartOf\":{\"@id\":\"https:\/\/julientaran.com\/#website\"},\"primaryImageOfPage\":{\"@id\":\"https:\/\/julientaran.com\/index.php\/plk_gazo\/#primaryimage\"},\"image\":{\"@id\":\"https:\/\/julientaran.com\/index.php\/plk_gazo\/#primaryimage\"},\"thumbnailUrl\":\"http:\/\/julientaran.com\/wp-content\/uploads\/2024\/01\/PLK_Gazo_2-883x1024.jpg\",\"datePublished\":\"2024-01-22T13:14:51+00:00\",\"dateModified\":\"2024-01-22T15:15:43+00:00\",\"breadcrumb\":{\"@id\":\"https:\/\/julientaran.com\/index.php\/plk_gazo\/#breadcrumb\"},\"inLanguage\":\"en-US\",\"potentialAction\":[{\"@type\":\"ReadAction\",\"target\":[\"https:\/\/julientaran.com\/index.php\/plk_gazo\/\"]}]},{\"@type\":\"ImageObject\",\"inLanguage\":\"en-US\",\"@id\":\"https:\/\/julientaran.com\/index.php\/plk_gazo\/#primaryimage\",\"url\":\"http:\/\/julientaran.com\/wp-content\/uploads\/2024\/01\/PLK_Gazo_2-883x1024.jpg\",\"contentUrl\":\"http:\/\/julientaran.com\/wp-content\/uploads\/2024\/01\/PLK_Gazo_2-883x1024.jpg\"},{\"@type\":\"BreadcrumbList\",\"@id\":\"https:\/\/julientaran.com\/index.php\/plk_gazo\/#breadcrumb\",\"itemListElement\":[{\"@type\":\"ListItem\",\"position\":1,\"name\":\"Accueil\",\"item\":\"https:\/\/julientaran.com\/\"},{\"@type\":\"ListItem\",\"position\":2,\"name\":\"plk_gazo\"}]},{\"@type\":\"WebSite\",\"@id\":\"https:\/\/julientaran.com\/#website\",\"url\":\"https:\/\/julientaran.com\/\",\"name\":\"Julien TARAN\",\"description\":\"\",\"publisher\":{\"@id\":\"https:\/\/julientaran.com\/#organization\"},\"potentialAction\":[{\"@type\":\"SearchAction\",\"target\":{\"@type\":\"EntryPoint\",\"urlTemplate\":\"https:\/\/julientaran.com\/?s={search_term_string}\"},\"query-input\":\"required name=search_term_string\"}],\"inLanguage\":\"en-US\"},{\"@type\":\"Organization\",\"@id\":\"https:\/\/julientaran.com\/#organization\",\"name\":\"Julien TARAN\",\"url\":\"https:\/\/julientaran.com\/\",\"logo\":{\"@type\":\"ImageObject\",\"inLanguage\":\"en-US\",\"@id\":\"https:\/\/julientaran.com\/#\/schema\/logo\/image\/\",\"url\":\"http:\/\/julientaran.com\/wp-content\/uploads\/2023\/11\/cropped-Logo-Noir-1@60x-1.png\",\"contentUrl\":\"http:\/\/julientaran.com\/wp-content\/uploads\/2023\/11\/cropped-Logo-Noir-1@60x-1.png\",\"width\":99,\"height\":87,\"caption\":\"Julien TARAN\"},\"image\":{\"@id\":\"https:\/\/julientaran.com\/#\/schema\/logo\/image\/\"}}]}<\/script>\n<!-- \/ Yoast SEO plugin. -->","yoast_head_json":{"title":"plk_gazo &#8226; Julien TARAN","robots":{"index":"noindex","follow":"follow"},"og_locale":"en_US","og_type":"article","og_title":"plk_gazo &#8226; Julien TARAN","og_description":"PLK ft Gazo &#8211; Ca m\u00e8ne \u00e0 rien (2024) ASSISTANT DE PRODUCTION PHOTOGRAPHE Produit par Cream et Dat-Way, r\u00e9alis\u00e9 par Elisa Baudoin. Photographie des deux artistes \u00e0 la fin du clip pour les r\u00e9seaux sociaux.","og_url":"https:\/\/julientaran.com\/index.php\/plk_gazo\/","og_site_name":"Julien TARAN","article_modified_time":"2024-01-22T15:15:43+00:00","og_image":[{"url":"http:\/\/julientaran.com\/wp-content\/uploads\/2024\/01\/PLK_Gazo_2-883x1024.jpg"}],"twitter_card":"summary_large_image","twitter_misc":{"Est. reading time":"1 minute"},"schema":{"@context":"https:\/\/schema.org","@graph":[{"@type":"WebPage","@id":"https:\/\/julientaran.com\/index.php\/plk_gazo\/","url":"https:\/\/julientaran.com\/index.php\/plk_gazo\/","name":"plk_gazo &#8226; Julien TARAN","isPartOf":{"@id":"https:\/\/julientaran.com\/#website"},"primaryImageOfPage":{"@id":"https:\/\/julientaran.com\/index.php\/plk_gazo\/#primaryimage"},"image":{"@id":"https:\/\/julientaran.com\/index.php\/plk_gazo\/#primaryimage"},"thumbnailUrl":"http:\/\/julientaran.com\/wp-content\/uploads\/2024\/01\/PLK_Gazo_2-883x1024.jpg","datePublished":"2024-01-22T13:14:51+00:00","dateModified":"2024-01-22T15:15:43+00:00","breadcrumb":{"@id":"https:\/\/julientaran.com\/index.php\/plk_gazo\/#breadcrumb"},"inLanguage":"en-US","potentialAction":[{"@type":"ReadAction","target":["https:\/\/julientaran.com\/index.php\/plk_gazo\/"]}]},{"@type":"ImageObject","inLanguage":"en-US","@id":"https:\/\/julientaran.com\/index.php\/plk_gazo\/#primaryimage","url":"http:\/\/julientaran.com\/wp-content\/uploads\/2024\/01\/PLK_Gazo_2-883x1024.jpg","contentUrl":"http:\/\/julientaran.com\/wp-content\/uploads\/2024\/01\/PLK_Gazo_2-883x1024.jpg"},{"@type":"BreadcrumbList","@id":"https:\/\/julientaran.com\/index.php\/plk_gazo\/#breadcrumb","itemListElement":[{"@type":"ListItem","position":1,"name":"Accueil","item":"https:\/\/julientaran.com\/"},{"@type":"ListItem","position":2,"name":"plk_gazo"}]},{"@type":"WebSite","@id":"https:\/\/julientaran.com\/#website","url":"https:\/\/julientaran.com\/","name":"Julien TARAN","description":"","publisher":{"@id":"https:\/\/julientaran.com\/#organization"},"potentialAction":[{"@type":"SearchAction","target":{"@type":"EntryPoint","urlTemplate":"https:\/\/julientaran.com\/?s={search_term_string}"},"query-input":"required name=search_term_string"}],"inLanguage":"en-US"},{"@type":"Organization","@id":"https:\/\/julientaran.com\/#organization","name":"Julien TARAN","url":"https:\/\/julientaran.com\/","logo":{"@type":"ImageObject","inLanguage":"en-US","@id":"https:\/\/julientaran.com\/#\/schema\/logo\/image\/","url":"http:\/\/julientaran.com\/wp-content\/uploads\/2023\/11\/cropped-Logo-Noir-1@60x-1.png","contentUrl":"http:\/\/julientaran.com\/wp-content\/uploads\/2023\/11\/cropped-Logo-Noir-1@60x-1.png","width":99,"height":87,"caption":"Julien TARAN"},"image":{"@id":"https:\/\/julientaran.com\/#\/schema\/logo\/image\/"}}]}},"_links":{"self":[{"href":"https:\/\/julientaran.com\/index.php\/wp-json\/wp\/v2\/pages\/865"}],"collection":[{"href":"https:\/\/julientaran.com\/index.php\/wp-json\/wp\/v2\/pages"}],"about":[{"href":"https:\/\/julientaran.com\/index.php\/wp-json\/wp\/v2\/types\/page"}],"author":[{"embeddable":true,"href":"https:\/\/julientaran.com\/index.php\/wp-json\/wp\/v2\/users\/1"}],"replies":[{"embeddable":true,"href":"https:\/\/julientaran.com\/index.php\/wp-json\/wp\/v2\/comments?post=865"}],"version-history":[{"count":7,"href":"https:\/\/julientaran.com\/index.php\/wp-json\/wp\/v2\/pages\/865\/revisions"}],"predecessor-version":[{"id":876,"href":"https:\/\/julientaran.com\/index.php\/wp-json\/wp\/v2\/pages\/865\/revisions\/876"}],"wp:attachment":[{"href":"https:\/\/julientaran.com\/index.php\/wp-json\/wp\/v2\/media?parent=865"}],"curies":[{"name":"wp","href":"https:\/\/api.w.org\/{rel}","templated":true}]}}