{"id":750,"date":"2023-12-28T01:23:25","date_gmt":"2023-12-28T00:23:25","guid":{"rendered":"https:\/\/julientaran.com\/?page_id=750"},"modified":"2024-10-10T13:44:06","modified_gmt":"2024-10-10T11:44:06","slug":"kyan_khojandi","status":"publish","type":"page","link":"https:\/\/julientaran.com\/index.php\/kyan_khojandi\/","title":{"rendered":"kyan_khojandi"},"content":{"rendered":"\t\t<div data-elementor-type=\"wp-page\" data-elementor-id=\"750\" class=\"elementor elementor-750\">\n\t\t\t\t<div class=\"elementor-element elementor-element-9c33e04 e-flex e-con-boxed wpr-particle-no wpr-jarallax-no wpr-parallax-no wpr-sticky-section-no e-con e-parent\" data-id=\"9c33e04\" data-element_type=\"container\">\n\t\t\t\t\t<div class=\"e-con-inner\">\n\t\t<div class=\"elementor-element elementor-element-2d37b58 e-con-full e-flex wpr-particle-no wpr-jarallax-no wpr-parallax-no wpr-sticky-section-no e-con e-child\" data-id=\"2d37b58\" data-element_type=\"container\">\n\t\t<div class=\"elementor-element elementor-element-e2657bc e-con-full e-flex wpr-particle-no wpr-jarallax-no wpr-parallax-no wpr-sticky-section-no e-con e-child\" data-id=\"e2657bc\" data-element_type=\"container\">\n\t\t\t\t<div class=\"elementor-element elementor-element-7a3faa7 elementor-widget elementor-widget-video\" data-id=\"7a3faa7\" data-element_type=\"widget\" data-settings=\"{&quot;youtube_url&quot;:&quot;https:\\\/\\\/www.youtube.com\\\/watch?v=KEPrxjUNAk8&amp;ab_channel=KyanKhojandi&quot;,&quot;video_type&quot;:&quot;youtube&quot;}\" data-widget_type=\"video.default\">\n\t\t\t\t<div class=\"elementor-widget-container\">\n\t\t\t\t\t\t\t<div class=\"elementor-wrapper elementor-open-inline\">\n\t\t\t<div class=\"elementor-video\"><\/div>\t\t<\/div>\n\t\t\t\t\t\t<\/div>\n\t\t\t\t<\/div>\n\t\t<div class=\"elementor-element elementor-element-2bd2f5a e-con-full e-flex wpr-particle-no wpr-jarallax-no wpr-parallax-no wpr-sticky-section-no e-con e-child\" data-id=\"2bd2f5a\" data-element_type=\"container\">\n\t\t\t\t<div class=\"elementor-element elementor-element-1a3a912 elementor-widget elementor-widget-video\" data-id=\"1a3a912\" data-element_type=\"widget\" data-settings=\"{&quot;youtube_url&quot;:&quot;https:\\\/\\\/www.youtube.com\\\/watch?v=wzRbKiXdHtw&amp;ab_channel=KyanKhojandi&quot;,&quot;video_type&quot;:&quot;youtube&quot;}\" data-widget_type=\"video.default\">\n\t\t\t\t<div class=\"elementor-widget-container\">\n\t\t\t\t\t\t\t<div class=\"elementor-wrapper elementor-open-inline\">\n\t\t\t<div class=\"elementor-video\"><\/div>\t\t<\/div>\n\t\t\t\t\t\t<\/div>\n\t\t\t\t<\/div>\n\t\t\t\t<\/div>\n\t\t\t\t<\/div>\n\t\t\t\t<\/div>\n\t\t<div class=\"elementor-element elementor-element-7df0359 e-con-full e-flex wpr-particle-no wpr-jarallax-no wpr-parallax-no wpr-sticky-section-no e-con e-child\" data-id=\"7df0359\" data-element_type=\"container\">\n\t\t<div class=\"elementor-element elementor-element-fb28775 e-flex e-con-boxed wpr-particle-no wpr-jarallax-no wpr-parallax-no wpr-sticky-section-no e-con e-child\" data-id=\"fb28775\" data-element_type=\"container\">\n\t\t\t\t\t<div class=\"e-con-inner\">\n\t\t<div class=\"elementor-element elementor-element-09560f7 e-con-full e-flex wpr-particle-no wpr-jarallax-no wpr-parallax-no wpr-sticky-section-no e-con e-child\" data-id=\"09560f7\" data-element_type=\"container\">\n\t\t\t\t<div class=\"elementor-element elementor-element-e4ff342 elementor-widget elementor-widget-heading\" data-id=\"e4ff342\" data-element_type=\"widget\" data-widget_type=\"heading.default\">\n\t\t\t\t<div class=\"elementor-widget-container\">\n\t\t\t\t\t<h1 class=\"elementor-heading-title elementor-size-default\">KYAN KHOJANDI - Haagen Dazs &amp; J'te D\u00e9teste (2021)<\/h1>\t\t\t\t<\/div>\n\t\t\t\t<\/div>\n\t\t\t\t<div class=\"elementor-element elementor-element-7e04efd elementor-widget elementor-widget-text-editor\" data-id=\"7e04efd\" data-element_type=\"widget\" data-widget_type=\"text-editor.default\">\n\t\t\t\t<div class=\"elementor-widget-container\">\n\t\t\t\t\t\t\t\t\t<p>ASSISTANT R\u00c9GIE<\/p>\t\t\t\t\t\t\t\t<\/div>\n\t\t\t\t<\/div>\n\t\t\t\t<div class=\"elementor-element elementor-element-1f6d143 elementor-widget elementor-widget-text-editor\" data-id=\"1f6d143\" data-element_type=\"widget\" data-widget_type=\"text-editor.default\">\n\t\t\t\t<div class=\"elementor-widget-container\">\n\t\t\t\t\t\t\t\t\t<p>Deux clips produits par Dissidence Production et r\u00e9alis\u00e9s par J\u00e9r\u00e9mie Levypon.<\/p>\t\t\t\t\t\t\t\t<\/div>\n\t\t\t\t<\/div>\n\t\t\t\t<\/div>\n\t\t\t\t\t<\/div>\n\t\t\t\t<\/div>\n\t\t\t\t<\/div>\n\t\t\t\t\t<\/div>\n\t\t\t\t<\/div>\n\t\t\t\t<\/div>\n\t\t","protected":false},"excerpt":{"rendered":"<p>KYAN KHOJANDI &#8211; Haagen Dazs &amp; J&#8217;te D\u00e9teste (2021) ASSISTANT R\u00c9GIE Deux clips produits par Dissidence Production et r\u00e9alis\u00e9s par J\u00e9r\u00e9mie Levypon.<\/p>\n","protected":false},"author":1,"featured_media":0,"parent":0,"menu_order":0,"comment_status":"closed","ping_status":"closed","template":"","meta":{"_monsterinsights_skip_tracking":false,"_monsterinsights_sitenote_active":false,"_monsterinsights_sitenote_note":"","_monsterinsights_sitenote_category":0,"ocean_post_layout":"","ocean_both_sidebars_style":"","ocean_both_sidebars_content_width":0,"ocean_both_sidebars_sidebars_width":0,"ocean_sidebar":"","ocean_second_sidebar":"","ocean_disable_margins":"enable","ocean_add_body_class":"","ocean_shortcode_before_top_bar":"","ocean_shortcode_after_top_bar":"","ocean_shortcode_before_header":"","ocean_shortcode_after_header":"","ocean_has_shortcode":"","ocean_shortcode_after_title":"","ocean_shortcode_before_footer_widgets":"","ocean_shortcode_after_footer_widgets":"","ocean_shortcode_before_footer_bottom":"","ocean_shortcode_after_footer_bottom":"","ocean_display_top_bar":"default","ocean_display_header":"default","ocean_header_style":"","ocean_center_header_left_menu":"","ocean_custom_header_template":"","ocean_custom_logo":0,"ocean_custom_retina_logo":0,"ocean_custom_logo_max_width":0,"ocean_custom_logo_tablet_max_width":0,"ocean_custom_logo_mobile_max_width":0,"ocean_custom_logo_max_height":0,"ocean_custom_logo_tablet_max_height":0,"ocean_custom_logo_mobile_max_height":0,"ocean_header_custom_menu":"","ocean_menu_typo_font_family":"","ocean_menu_typo_font_subset":"","ocean_menu_typo_font_size":0,"ocean_menu_typo_font_size_tablet":0,"ocean_menu_typo_font_size_mobile":0,"ocean_menu_typo_font_size_unit":"px","ocean_menu_typo_font_weight":"","ocean_menu_typo_font_weight_tablet":"","ocean_menu_typo_font_weight_mobile":"","ocean_menu_typo_transform":"","ocean_menu_typo_transform_tablet":"","ocean_menu_typo_transform_mobile":"","ocean_menu_typo_line_height":0,"ocean_menu_typo_line_height_tablet":0,"ocean_menu_typo_line_height_mobile":0,"ocean_menu_typo_line_height_unit":"","ocean_menu_typo_spacing":0,"ocean_menu_typo_spacing_tablet":0,"ocean_menu_typo_spacing_mobile":0,"ocean_menu_typo_spacing_unit":"","ocean_menu_link_color":"","ocean_menu_link_color_hover":"","ocean_menu_link_color_active":"","ocean_menu_link_background":"","ocean_menu_link_hover_background":"","ocean_menu_link_active_background":"","ocean_menu_social_links_bg":"","ocean_menu_social_hover_links_bg":"","ocean_menu_social_links_color":"","ocean_menu_social_hover_links_color":"","ocean_disable_title":"default","ocean_disable_heading":"default","ocean_post_title":"","ocean_post_subheading":"","ocean_post_title_style":"","ocean_post_title_background_color":"","ocean_post_title_background":0,"ocean_post_title_bg_image_position":"","ocean_post_title_bg_image_attachment":"","ocean_post_title_bg_image_repeat":"","ocean_post_title_bg_image_size":"","ocean_post_title_height":0,"ocean_post_title_bg_overlay":0.5,"ocean_post_title_bg_overlay_color":"","ocean_disable_breadcrumbs":"default","ocean_breadcrumbs_color":"","ocean_breadcrumbs_separator_color":"","ocean_breadcrumbs_links_color":"","ocean_breadcrumbs_links_hover_color":"","ocean_display_footer_widgets":"default","ocean_display_footer_bottom":"default","ocean_custom_footer_template":"","footnotes":""},"yoast_head":"<!-- This site is optimized with the Yoast SEO plugin v22.3 - https:\/\/yoast.com\/wordpress\/plugins\/seo\/ -->\n<title>kyan_khojandi &#8226; Julien TARAN<\/title>\n<meta name=\"robots\" content=\"noindex, follow\" \/>\n<meta property=\"og:locale\" content=\"en_US\" \/>\n<meta property=\"og:type\" content=\"article\" \/>\n<meta property=\"og:title\" content=\"kyan_khojandi &#8226; Julien TARAN\" \/>\n<meta property=\"og:description\" content=\"KYAN KHOJANDI &#8211; Haagen Dazs &amp; J&#8217;te D\u00e9teste (2021) ASSISTANT R\u00c9GIE Deux clips produits par Dissidence Production et r\u00e9alis\u00e9s par J\u00e9r\u00e9mie Levypon.\" \/>\n<meta property=\"og:url\" content=\"https:\/\/julientaran.com\/index.php\/kyan_khojandi\/\" \/>\n<meta property=\"og:site_name\" content=\"Julien TARAN\" \/>\n<meta property=\"article:modified_time\" content=\"2024-10-10T11:44:06+00:00\" \/>\n<meta property=\"og:image\" content=\"https:\/\/julientaran.com\/wp-content\/uploads\/2023\/11\/Logo-Noir-1@60x.png\" \/>\n\t<meta property=\"og:image:width\" content=\"99\" \/>\n\t<meta property=\"og:image:height\" content=\"103\" \/>\n\t<meta property=\"og:image:type\" content=\"image\/png\" \/>\n<meta name=\"twitter:card\" content=\"summary_large_image\" \/>\n<meta name=\"twitter:label1\" content=\"Est. reading time\" \/>\n\t<meta name=\"twitter:data1\" content=\"1 minute\" \/>\n<script type=\"application\/ld+json\" class=\"yoast-schema-graph\">{\"@context\":\"https:\/\/schema.org\",\"@graph\":[{\"@type\":\"WebPage\",\"@id\":\"https:\/\/julientaran.com\/index.php\/kyan_khojandi\/\",\"url\":\"https:\/\/julientaran.com\/index.php\/kyan_khojandi\/\",\"name\":\"kyan_khojandi &#8226; Julien TARAN\",\"isPartOf\":{\"@id\":\"https:\/\/julientaran.com\/#website\"},\"datePublished\":\"2023-12-28T00:23:25+00:00\",\"dateModified\":\"2024-10-10T11:44:06+00:00\",\"breadcrumb\":{\"@id\":\"https:\/\/julientaran.com\/index.php\/kyan_khojandi\/#breadcrumb\"},\"inLanguage\":\"en-US\",\"potentialAction\":[{\"@type\":\"ReadAction\",\"target\":[\"https:\/\/julientaran.com\/index.php\/kyan_khojandi\/\"]}]},{\"@type\":\"BreadcrumbList\",\"@id\":\"https:\/\/julientaran.com\/index.php\/kyan_khojandi\/#breadcrumb\",\"itemListElement\":[{\"@type\":\"ListItem\",\"position\":1,\"name\":\"Accueil\",\"item\":\"https:\/\/julientaran.com\/\"},{\"@type\":\"ListItem\",\"position\":2,\"name\":\"kyan_khojandi\"}]},{\"@type\":\"WebSite\",\"@id\":\"https:\/\/julientaran.com\/#website\",\"url\":\"https:\/\/julientaran.com\/\",\"name\":\"Julien TARAN\",\"description\":\"\",\"publisher\":{\"@id\":\"https:\/\/julientaran.com\/#organization\"},\"potentialAction\":[{\"@type\":\"SearchAction\",\"target\":{\"@type\":\"EntryPoint\",\"urlTemplate\":\"https:\/\/julientaran.com\/?s={search_term_string}\"},\"query-input\":\"required name=search_term_string\"}],\"inLanguage\":\"en-US\"},{\"@type\":\"Organization\",\"@id\":\"https:\/\/julientaran.com\/#organization\",\"name\":\"Julien TARAN\",\"url\":\"https:\/\/julientaran.com\/\",\"logo\":{\"@type\":\"ImageObject\",\"inLanguage\":\"en-US\",\"@id\":\"https:\/\/julientaran.com\/#\/schema\/logo\/image\/\",\"url\":\"http:\/\/julientaran.com\/wp-content\/uploads\/2023\/11\/cropped-Logo-Noir-1@60x-1.png\",\"contentUrl\":\"http:\/\/julientaran.com\/wp-content\/uploads\/2023\/11\/cropped-Logo-Noir-1@60x-1.png\",\"width\":99,\"height\":87,\"caption\":\"Julien TARAN\"},\"image\":{\"@id\":\"https:\/\/julientaran.com\/#\/schema\/logo\/image\/\"}}]}<\/script>\n<!-- \/ Yoast SEO plugin. -->","yoast_head_json":{"title":"kyan_khojandi &#8226; Julien TARAN","robots":{"index":"noindex","follow":"follow"},"og_locale":"en_US","og_type":"article","og_title":"kyan_khojandi &#8226; Julien TARAN","og_description":"KYAN KHOJANDI &#8211; Haagen Dazs &amp; J&#8217;te D\u00e9teste (2021) ASSISTANT R\u00c9GIE Deux clips produits par Dissidence Production et r\u00e9alis\u00e9s par J\u00e9r\u00e9mie Levypon.","og_url":"https:\/\/julientaran.com\/index.php\/kyan_khojandi\/","og_site_name":"Julien TARAN","article_modified_time":"2024-10-10T11:44:06+00:00","og_image":[{"width":99,"height":103,"url":"https:\/\/julientaran.com\/wp-content\/uploads\/2023\/11\/Logo-Noir-1@60x.png","type":"image\/png"}],"twitter_card":"summary_large_image","twitter_misc":{"Est. reading time":"1 minute"},"schema":{"@context":"https:\/\/schema.org","@graph":[{"@type":"WebPage","@id":"https:\/\/julientaran.com\/index.php\/kyan_khojandi\/","url":"https:\/\/julientaran.com\/index.php\/kyan_khojandi\/","name":"kyan_khojandi &#8226; Julien TARAN","isPartOf":{"@id":"https:\/\/julientaran.com\/#website"},"datePublished":"2023-12-28T00:23:25+00:00","dateModified":"2024-10-10T11:44:06+00:00","breadcrumb":{"@id":"https:\/\/julientaran.com\/index.php\/kyan_khojandi\/#breadcrumb"},"inLanguage":"en-US","potentialAction":[{"@type":"ReadAction","target":["https:\/\/julientaran.com\/index.php\/kyan_khojandi\/"]}]},{"@type":"BreadcrumbList","@id":"https:\/\/julientaran.com\/index.php\/kyan_khojandi\/#breadcrumb","itemListElement":[{"@type":"ListItem","position":1,"name":"Accueil","item":"https:\/\/julientaran.com\/"},{"@type":"ListItem","position":2,"name":"kyan_khojandi"}]},{"@type":"WebSite","@id":"https:\/\/julientaran.com\/#website","url":"https:\/\/julientaran.com\/","name":"Julien TARAN","description":"","publisher":{"@id":"https:\/\/julientaran.com\/#organization"},"potentialAction":[{"@type":"SearchAction","target":{"@type":"EntryPoint","urlTemplate":"https:\/\/julientaran.com\/?s={search_term_string}"},"query-input":"required name=search_term_string"}],"inLanguage":"en-US"},{"@type":"Organization","@id":"https:\/\/julientaran.com\/#organization","name":"Julien TARAN","url":"https:\/\/julientaran.com\/","logo":{"@type":"ImageObject","inLanguage":"en-US","@id":"https:\/\/julientaran.com\/#\/schema\/logo\/image\/","url":"http:\/\/julientaran.com\/wp-content\/uploads\/2023\/11\/cropped-Logo-Noir-1@60x-1.png","contentUrl":"http:\/\/julientaran.com\/wp-content\/uploads\/2023\/11\/cropped-Logo-Noir-1@60x-1.png","width":99,"height":87,"caption":"Julien TARAN"},"image":{"@id":"https:\/\/julientaran.com\/#\/schema\/logo\/image\/"}}]}},"_links":{"self":[{"href":"https:\/\/julientaran.com\/index.php\/wp-json\/wp\/v2\/pages\/750"}],"collection":[{"href":"https:\/\/julientaran.com\/index.php\/wp-json\/wp\/v2\/pages"}],"about":[{"href":"https:\/\/julientaran.com\/index.php\/wp-json\/wp\/v2\/types\/page"}],"author":[{"embeddable":true,"href":"https:\/\/julientaran.com\/index.php\/wp-json\/wp\/v2\/users\/1"}],"replies":[{"embeddable":true,"href":"https:\/\/julientaran.com\/index.php\/wp-json\/wp\/v2\/comments?post=750"}],"version-history":[{"count":12,"href":"https:\/\/julientaran.com\/index.php\/wp-json\/wp\/v2\/pages\/750\/revisions"}],"predecessor-version":[{"id":1242,"href":"https:\/\/julientaran.com\/index.php\/wp-json\/wp\/v2\/pages\/750\/revisions\/1242"}],"wp:attachment":[{"href":"https:\/\/julientaran.com\/index.php\/wp-json\/wp\/v2\/media?parent=750"}],"curies":[{"name":"wp","href":"https:\/\/api.w.org\/{rel}","templated":true}]}}