{"id":42,"date":"2023-11-21T10:49:26","date_gmt":"2023-11-21T09:49:26","guid":{"rendered":"https:\/\/julientaran.com\/?page_id=42"},"modified":"2026-03-06T13:48:24","modified_gmt":"2026-03-06T12:48:24","slug":"fiction","status":"publish","type":"page","link":"https:\/\/julientaran.com\/index.php\/fiction\/","title":{"rendered":"FICTION"},"content":{"rendered":"\t\t<div data-elementor-type=\"wp-page\" data-elementor-id=\"42\" class=\"elementor elementor-42\">\n\t\t\t\t<div class=\"elementor-element elementor-element-588c8ca e-flex e-con-boxed wpr-particle-no wpr-jarallax-no wpr-parallax-no wpr-sticky-section-no e-con e-parent\" data-id=\"588c8ca\" data-element_type=\"container\">\n\t\t\t\t\t<div class=\"e-con-inner\">\n\t\t\t\t<div class=\"elementor-element elementor-element-ebdfca7 elementor-widget elementor-widget-heading\" data-id=\"ebdfca7\" data-element_type=\"widget\" data-widget_type=\"heading.default\">\n\t\t\t\t<div class=\"elementor-widget-container\">\n\t\t\t\t\t<h1 class=\"elementor-heading-title elementor-size-default\">FICTION<\/h1>\t\t\t\t<\/div>\n\t\t\t\t<\/div>\n\t\t\t\t\t<\/div>\n\t\t\t\t<\/div>\n\t\t<div class=\"elementor-element elementor-element-07c440f e-flex e-con-boxed wpr-particle-no wpr-jarallax-no wpr-parallax-no wpr-sticky-section-no e-con e-parent\" data-id=\"07c440f\" data-element_type=\"container\">\n\t\t\t\t\t<div class=\"e-con-inner\">\n\t\t\t\t<div class=\"elementor-element elementor-element-b328128 elementor-widget elementor-widget-text-editor\" data-id=\"b328128\" data-element_type=\"widget\" data-widget_type=\"text-editor.default\">\n\t\t\t\t<div class=\"elementor-widget-container\">\n\t\t\t\t\t\t\t\t\t<ul><li><strong>NIKON FILM FESTIVAL<\/strong><\/li><\/ul><p>Des court-m\u00e9trages de 2 minutes 20 r\u00e9alis\u00e9s sur des th\u00e8mes impos\u00e9s.<\/p>\t\t\t\t\t\t\t\t<\/div>\n\t\t\t\t<\/div>\n\t\t\t\t\t<\/div>\n\t\t\t\t<\/div>\n\t\t<div class=\"elementor-element elementor-element-0d8352f e-flex e-con-boxed wpr-particle-no wpr-jarallax-no wpr-parallax-no wpr-sticky-section-no e-con e-parent\" data-id=\"0d8352f\" data-element_type=\"container\">\n\t\t\t\t\t<div class=\"e-con-inner\">\n\t\t<div class=\"elementor-element elementor-element-975c703 e-con-full e-flex wpr-particle-no wpr-jarallax-no wpr-parallax-no wpr-sticky-section-no e-con e-child\" data-id=\"975c703\" data-element_type=\"container\">\n\t\t\t\t<div class=\"elementor-element elementor-element-843187f elementor-widget elementor-widget-image\" data-id=\"843187f\" data-element_type=\"widget\" data-widget_type=\"image.default\">\n\t\t\t\t<div class=\"elementor-widget-container\">\n\t\t\t\t\t\t\t\t\t\t\t\t<figure class=\"wp-caption\">\n\t\t\t\t\t\t\t\t\t\t\t<a href=\"https:\/\/julientaran.com\/index.php\/prophetie\">\n\t\t\t\t\t\t\t<img fetchpriority=\"high\" decoding=\"async\" width=\"867\" height=\"672\" src=\"https:\/\/julientaran.com\/wp-content\/uploads\/2023\/11\/C5E2972D-3133-4603-9271-60076370D80C-4.jpg\" class=\"attachment-large size-large wp-image-36\" alt=\"\" srcset=\"https:\/\/julientaran.com\/wp-content\/uploads\/2023\/11\/C5E2972D-3133-4603-9271-60076370D80C-4.jpg 867w, https:\/\/julientaran.com\/wp-content\/uploads\/2023\/11\/C5E2972D-3133-4603-9271-60076370D80C-4-300x233.jpg 300w, https:\/\/julientaran.com\/wp-content\/uploads\/2023\/11\/C5E2972D-3133-4603-9271-60076370D80C-4-768x595.jpg 768w\" sizes=\"(max-width: 867px) 100vw, 867px\" \/>\t\t\t\t\t\t\t\t<\/a>\n\t\t\t\t\t\t\t\t\t\t\t<figcaption class=\"widget-image-caption wp-caption-text\">R\u00e9alisateur - PROPH\u00c9TIE (2022)<\/figcaption>\n\t\t\t\t\t\t\t\t\t\t<\/figure>\n\t\t\t\t\t\t\t\t\t<\/div>\n\t\t\t\t<\/div>\n\t\t\t\t<\/div>\n\t\t<div class=\"elementor-element elementor-element-dc5f73a e-con-full e-flex wpr-particle-no wpr-jarallax-no wpr-parallax-no wpr-sticky-section-no e-con e-child\" data-id=\"dc5f73a\" data-element_type=\"container\">\n\t\t\t\t<div class=\"elementor-element elementor-element-f88e5cb elementor-widget elementor-widget-image\" data-id=\"f88e5cb\" data-element_type=\"widget\" data-widget_type=\"image.default\">\n\t\t\t\t<div class=\"elementor-widget-container\">\n\t\t\t\t\t\t\t\t\t\t\t\t<figure class=\"wp-caption\">\n\t\t\t\t\t\t\t\t\t\t\t<a href=\"https:\/\/julientaran.com\/index.php\/un_beau_dessin\">\n\t\t\t\t\t\t\t<img decoding=\"async\" width=\"1024\" height=\"768\" src=\"https:\/\/julientaran.com\/wp-content\/uploads\/2026\/03\/YT-1024x768.jpg\" class=\"attachment-large size-large wp-image-1359\" alt=\"\" srcset=\"https:\/\/julientaran.com\/wp-content\/uploads\/2026\/03\/YT-1024x768.jpg 1024w, https:\/\/julientaran.com\/wp-content\/uploads\/2026\/03\/YT-300x225.jpg 300w, https:\/\/julientaran.com\/wp-content\/uploads\/2026\/03\/YT-768x576.jpg 768w, https:\/\/julientaran.com\/wp-content\/uploads\/2026\/03\/YT-1536x1152.jpg 1536w, https:\/\/julientaran.com\/wp-content\/uploads\/2026\/03\/YT-2048x1536.jpg 2048w\" sizes=\"(max-width: 1024px) 100vw, 1024px\" \/>\t\t\t\t\t\t\t\t<\/a>\n\t\t\t\t\t\t\t\t\t\t\t<figcaption class=\"widget-image-caption wp-caption-text\">R\u00e9alisateur - UN BEAU DESSIN (2025)<\/figcaption>\n\t\t\t\t\t\t\t\t\t\t<\/figure>\n\t\t\t\t\t\t\t\t\t<\/div>\n\t\t\t\t<\/div>\n\t\t\t\t<\/div>\n\t\t\t\t\t<\/div>\n\t\t\t\t<\/div>\n\t\t<div class=\"elementor-element elementor-element-d711fb8 e-flex e-con-boxed wpr-particle-no wpr-jarallax-no wpr-parallax-no wpr-sticky-section-no e-con e-parent\" data-id=\"d711fb8\" data-element_type=\"container\">\n\t\t\t\t\t<div class=\"e-con-inner\">\n\t\t\t\t<div class=\"elementor-element elementor-element-10853cd elementor-widget elementor-widget-text-editor\" data-id=\"10853cd\" data-element_type=\"widget\" data-widget_type=\"text-editor.default\">\n\t\t\t\t<div class=\"elementor-widget-container\">\n\t\t\t\t\t\t\t\t\t<ul><li><strong>48H FILM PROJECT<\/strong><\/li><\/ul><p>Des court-m\u00e9trages \u00e9crits, r\u00e9alis\u00e9s, tourn\u00e9s en 48h avec diff\u00e9rentes contraintes (ligne de dialogue, objet, personnage et genre)<\/p>\t\t\t\t\t\t\t\t<\/div>\n\t\t\t\t<\/div>\n\t\t\t\t\t<\/div>\n\t\t\t\t<\/div>\n\t\t<div class=\"elementor-element elementor-element-28ab4b1 e-flex e-con-boxed wpr-particle-no wpr-jarallax-no wpr-parallax-no wpr-sticky-section-no e-con e-parent\" data-id=\"28ab4b1\" data-element_type=\"container\">\n\t\t\t\t\t<div class=\"e-con-inner\">\n\t\t<div class=\"elementor-element elementor-element-752f28a e-con-full e-flex wpr-particle-no wpr-jarallax-no wpr-parallax-no wpr-sticky-section-no e-con e-child\" data-id=\"752f28a\" data-element_type=\"container\">\n\t\t<div class=\"elementor-element elementor-element-cbc9d8c e-con-full e-flex wpr-particle-no wpr-jarallax-no wpr-parallax-no wpr-sticky-section-no e-con e-child\" data-id=\"cbc9d8c\" data-element_type=\"container\">\n\t\t\t\t<div class=\"elementor-element elementor-element-767f583 elementor-widget elementor-widget-image\" data-id=\"767f583\" data-element_type=\"widget\" data-widget_type=\"image.default\">\n\t\t\t\t<div class=\"elementor-widget-container\">\n\t\t\t\t\t\t\t\t\t\t\t\t<figure class=\"wp-caption\">\n\t\t\t\t\t\t\t\t\t\t\t<a href=\"https:\/\/julientaran.com\/index.php\/pris_au_jeu\">\n\t\t\t\t\t\t\t<img decoding=\"async\" width=\"1024\" height=\"768\" src=\"https:\/\/julientaran.com\/wp-content\/uploads\/2026\/03\/couv3-1024x768.jpg\" class=\"attachment-large size-large wp-image-1396\" alt=\"\" srcset=\"https:\/\/julientaran.com\/wp-content\/uploads\/2026\/03\/couv3-1024x768.jpg 1024w, https:\/\/julientaran.com\/wp-content\/uploads\/2026\/03\/couv3-300x225.jpg 300w, https:\/\/julientaran.com\/wp-content\/uploads\/2026\/03\/couv3-768x576.jpg 768w, https:\/\/julientaran.com\/wp-content\/uploads\/2026\/03\/couv3-1536x1152.jpg 1536w, https:\/\/julientaran.com\/wp-content\/uploads\/2026\/03\/couv3-2048x1536.jpg 2048w\" sizes=\"(max-width: 1024px) 100vw, 1024px\" \/>\t\t\t\t\t\t\t\t<\/a>\n\t\t\t\t\t\t\t\t\t\t\t<figcaption class=\"widget-image-caption wp-caption-text\">Co-R\u00e9alisateur - PRIS AU JEU (2025)<\/figcaption>\n\t\t\t\t\t\t\t\t\t\t<\/figure>\n\t\t\t\t\t\t\t\t\t<\/div>\n\t\t\t\t<\/div>\n\t\t\t\t<\/div>\n\t\t<div class=\"elementor-element elementor-element-e30f17b e-con-full e-flex wpr-particle-no wpr-jarallax-no wpr-parallax-no wpr-sticky-section-no e-con e-child\" data-id=\"e30f17b\" data-element_type=\"container\">\n\t\t\t\t<div class=\"elementor-element elementor-element-eeaec6f elementor-widget elementor-widget-image\" data-id=\"eeaec6f\" data-element_type=\"widget\" data-widget_type=\"image.default\">\n\t\t\t\t<div class=\"elementor-widget-container\">\n\t\t\t\t\t\t\t\t\t\t\t\t<figure class=\"wp-caption\">\n\t\t\t\t\t\t\t\t\t\t\t<a href=\"https:\/\/julientaran.com\/index.php\/paintine\">\n\t\t\t\t\t\t\t<img loading=\"lazy\" decoding=\"async\" width=\"1024\" height=\"768\" src=\"https:\/\/julientaran.com\/wp-content\/uploads\/2026\/03\/paintine-43-1024x768.jpg\" class=\"attachment-large size-large wp-image-1397\" alt=\"\" srcset=\"https:\/\/julientaran.com\/wp-content\/uploads\/2026\/03\/paintine-43-1024x768.jpg 1024w, https:\/\/julientaran.com\/wp-content\/uploads\/2026\/03\/paintine-43-300x225.jpg 300w, https:\/\/julientaran.com\/wp-content\/uploads\/2026\/03\/paintine-43-768x576.jpg 768w, https:\/\/julientaran.com\/wp-content\/uploads\/2026\/03\/paintine-43.jpg 1185w\" sizes=\"(max-width: 1024px) 100vw, 1024px\" \/>\t\t\t\t\t\t\t\t<\/a>\n\t\t\t\t\t\t\t\t\t\t\t<figcaption class=\"widget-image-caption wp-caption-text\">Co-R\u00e9alisateur - UNE PAINTINE BIEN CUITE S'IL VOUS PLAIT (2024)<\/figcaption>\n\t\t\t\t\t\t\t\t\t\t<\/figure>\n\t\t\t\t\t\t\t\t\t<\/div>\n\t\t\t\t<\/div>\n\t\t\t\t<\/div>\n\t\t\t\t<\/div>\n\t\t\t\t\t<\/div>\n\t\t\t\t<\/div>\n\t\t\t\t<\/div>\n\t\t","protected":false},"excerpt":{"rendered":"<p>FICTION NIKON FILM FESTIVAL Des court-m\u00e9trages de 2 minutes 20 r\u00e9alis\u00e9s sur des th\u00e8mes impos\u00e9s. R\u00e9alisateur &#8211; PROPH\u00c9TIE (2022) R\u00e9alisateur &#8211; UN BEAU DESSIN (2025) 48H FILM PROJECT Des court-m\u00e9trages \u00e9crits, r\u00e9alis\u00e9s, tourn\u00e9s en 48h avec diff\u00e9rentes contraintes (ligne de dialogue, objet, personnage et genre) Co-R\u00e9alisateur &#8211; PRIS AU JEU (2025) Co-R\u00e9alisateur &#8211; UNE PAINTINE BIEN CUITE S&#8217;IL VOUS PLAIT (2024)<\/p>\n","protected":false},"author":1,"featured_media":0,"parent":0,"menu_order":0,"comment_status":"closed","ping_status":"closed","template":"","meta":{"_monsterinsights_skip_tracking":false,"_monsterinsights_sitenote_active":false,"_monsterinsights_sitenote_note":"","_monsterinsights_sitenote_category":0,"ocean_post_layout":"","ocean_both_sidebars_style":"","ocean_both_sidebars_content_width":0,"ocean_both_sidebars_sidebars_width":0,"ocean_sidebar":"","ocean_second_sidebar":"","ocean_disable_margins":"enable","ocean_add_body_class":"","ocean_shortcode_before_top_bar":"","ocean_shortcode_after_top_bar":"","ocean_shortcode_before_header":"","ocean_shortcode_after_header":"","ocean_has_shortcode":"","ocean_shortcode_after_title":"","ocean_shortcode_before_footer_widgets":"","ocean_shortcode_after_footer_widgets":"","ocean_shortcode_before_footer_bottom":"","ocean_shortcode_after_footer_bottom":"","ocean_display_top_bar":"default","ocean_display_header":"default","ocean_header_style":"","ocean_center_header_left_menu":"","ocean_custom_header_template":"","ocean_custom_logo":0,"ocean_custom_retina_logo":0,"ocean_custom_logo_max_width":0,"ocean_custom_logo_tablet_max_width":0,"ocean_custom_logo_mobile_max_width":0,"ocean_custom_logo_max_height":0,"ocean_custom_logo_tablet_max_height":0,"ocean_custom_logo_mobile_max_height":0,"ocean_header_custom_menu":"","ocean_menu_typo_font_family":"","ocean_menu_typo_font_subset":"","ocean_menu_typo_font_size":0,"ocean_menu_typo_font_size_tablet":0,"ocean_menu_typo_font_size_mobile":0,"ocean_menu_typo_font_size_unit":"px","ocean_menu_typo_font_weight":"","ocean_menu_typo_font_weight_tablet":"","ocean_menu_typo_font_weight_mobile":"","ocean_menu_typo_transform":"","ocean_menu_typo_transform_tablet":"","ocean_menu_typo_transform_mobile":"","ocean_menu_typo_line_height":0,"ocean_menu_typo_line_height_tablet":0,"ocean_menu_typo_line_height_mobile":0,"ocean_menu_typo_line_height_unit":"","ocean_menu_typo_spacing":0,"ocean_menu_typo_spacing_tablet":0,"ocean_menu_typo_spacing_mobile":0,"ocean_menu_typo_spacing_unit":"","ocean_menu_link_color":"","ocean_menu_link_color_hover":"","ocean_menu_link_color_active":"","ocean_menu_link_background":"","ocean_menu_link_hover_background":"","ocean_menu_link_active_background":"","ocean_menu_social_links_bg":"","ocean_menu_social_hover_links_bg":"","ocean_menu_social_links_color":"","ocean_menu_social_hover_links_color":"","ocean_disable_title":"default","ocean_disable_heading":"default","ocean_post_title":"","ocean_post_subheading":"","ocean_post_title_style":"","ocean_post_title_background_color":"","ocean_post_title_background":0,"ocean_post_title_bg_image_position":"","ocean_post_title_bg_image_attachment":"","ocean_post_title_bg_image_repeat":"","ocean_post_title_bg_image_size":"","ocean_post_title_height":0,"ocean_post_title_bg_overlay":0.5,"ocean_post_title_bg_overlay_color":"","ocean_disable_breadcrumbs":"default","ocean_breadcrumbs_color":"","ocean_breadcrumbs_separator_color":"","ocean_breadcrumbs_links_color":"","ocean_breadcrumbs_links_hover_color":"","ocean_display_footer_widgets":"default","ocean_display_footer_bottom":"default","ocean_custom_footer_template":"","footnotes":""},"yoast_head":"<!-- This site is optimized with the Yoast SEO plugin v22.3 - https:\/\/yoast.com\/wordpress\/plugins\/seo\/ -->\n<title>Projets &#8226; Julien TARAN<\/title>\n<meta name=\"description\" content=\"Clips : PLK, Gazo, Kyan Khojandi || Publicit\u00e9s: The Running Collecive || Court-m\u00e9trage : Proph\u00e9tie\" \/>\n<meta name=\"robots\" content=\"index, follow, max-snippet:-1, max-image-preview:large, max-video-preview:-1\" \/>\n<link rel=\"canonical\" href=\"https:\/\/julientaran.com\/index.php\/fiction\/\" \/>\n<meta property=\"og:locale\" content=\"en_US\" \/>\n<meta property=\"og:type\" content=\"article\" \/>\n<meta property=\"og:title\" content=\"Projets &#8226; Julien TARAN\" \/>\n<meta property=\"og:description\" content=\"Clips : PLK, Gazo, Kyan Khojandi || Publicit\u00e9s: The Running Collecive || Court-m\u00e9trage : Proph\u00e9tie\" \/>\n<meta property=\"og:url\" content=\"https:\/\/julientaran.com\/index.php\/fiction\/\" \/>\n<meta property=\"og:site_name\" content=\"Julien TARAN\" \/>\n<meta property=\"article:modified_time\" content=\"2026-03-06T12:48:24+00:00\" \/>\n<meta property=\"og:image\" content=\"http:\/\/julientaran.com\/wp-content\/uploads\/2023\/11\/C5E2972D-3133-4603-9271-60076370D80C-4.jpg\" \/>\n<meta name=\"twitter:card\" content=\"summary_large_image\" \/>\n<meta name=\"twitter:label1\" content=\"Est. reading time\" \/>\n\t<meta name=\"twitter:data1\" content=\"2 minutes\" \/>\n<script type=\"application\/ld+json\" class=\"yoast-schema-graph\">{\"@context\":\"https:\/\/schema.org\",\"@graph\":[{\"@type\":\"WebPage\",\"@id\":\"https:\/\/julientaran.com\/index.php\/fiction\/\",\"url\":\"https:\/\/julientaran.com\/index.php\/fiction\/\",\"name\":\"Projets &#8226; Julien TARAN\",\"isPartOf\":{\"@id\":\"https:\/\/julientaran.com\/#website\"},\"primaryImageOfPage\":{\"@id\":\"https:\/\/julientaran.com\/index.php\/fiction\/#primaryimage\"},\"image\":{\"@id\":\"https:\/\/julientaran.com\/index.php\/fiction\/#primaryimage\"},\"thumbnailUrl\":\"http:\/\/julientaran.com\/wp-content\/uploads\/2023\/11\/C5E2972D-3133-4603-9271-60076370D80C-4.jpg\",\"datePublished\":\"2023-11-21T09:49:26+00:00\",\"dateModified\":\"2026-03-06T12:48:24+00:00\",\"description\":\"Clips : PLK, Gazo, Kyan Khojandi || Publicit\u00e9s: The Running Collecive || Court-m\u00e9trage : Proph\u00e9tie\",\"breadcrumb\":{\"@id\":\"https:\/\/julientaran.com\/index.php\/fiction\/#breadcrumb\"},\"inLanguage\":\"en-US\",\"potentialAction\":[{\"@type\":\"ReadAction\",\"target\":[\"https:\/\/julientaran.com\/index.php\/fiction\/\"]}]},{\"@type\":\"ImageObject\",\"inLanguage\":\"en-US\",\"@id\":\"https:\/\/julientaran.com\/index.php\/fiction\/#primaryimage\",\"url\":\"http:\/\/julientaran.com\/wp-content\/uploads\/2023\/11\/C5E2972D-3133-4603-9271-60076370D80C-4.jpg\",\"contentUrl\":\"http:\/\/julientaran.com\/wp-content\/uploads\/2023\/11\/C5E2972D-3133-4603-9271-60076370D80C-4.jpg\"},{\"@type\":\"BreadcrumbList\",\"@id\":\"https:\/\/julientaran.com\/index.php\/fiction\/#breadcrumb\",\"itemListElement\":[{\"@type\":\"ListItem\",\"position\":1,\"name\":\"Accueil\",\"item\":\"https:\/\/julientaran.com\/\"},{\"@type\":\"ListItem\",\"position\":2,\"name\":\"FICTION\"}]},{\"@type\":\"WebSite\",\"@id\":\"https:\/\/julientaran.com\/#website\",\"url\":\"https:\/\/julientaran.com\/\",\"name\":\"Julien TARAN\",\"description\":\"\",\"publisher\":{\"@id\":\"https:\/\/julientaran.com\/#organization\"},\"potentialAction\":[{\"@type\":\"SearchAction\",\"target\":{\"@type\":\"EntryPoint\",\"urlTemplate\":\"https:\/\/julientaran.com\/?s={search_term_string}\"},\"query-input\":\"required name=search_term_string\"}],\"inLanguage\":\"en-US\"},{\"@type\":\"Organization\",\"@id\":\"https:\/\/julientaran.com\/#organization\",\"name\":\"Julien TARAN\",\"url\":\"https:\/\/julientaran.com\/\",\"logo\":{\"@type\":\"ImageObject\",\"inLanguage\":\"en-US\",\"@id\":\"https:\/\/julientaran.com\/#\/schema\/logo\/image\/\",\"url\":\"http:\/\/julientaran.com\/wp-content\/uploads\/2023\/11\/cropped-Logo-Noir-1@60x-1.png\",\"contentUrl\":\"http:\/\/julientaran.com\/wp-content\/uploads\/2023\/11\/cropped-Logo-Noir-1@60x-1.png\",\"width\":99,\"height\":87,\"caption\":\"Julien TARAN\"},\"image\":{\"@id\":\"https:\/\/julientaran.com\/#\/schema\/logo\/image\/\"}}]}<\/script>\n<!-- \/ Yoast SEO plugin. -->","yoast_head_json":{"title":"Projets &#8226; Julien TARAN","description":"Clips : PLK, Gazo, Kyan Khojandi || Publicit\u00e9s: The Running Collecive || Court-m\u00e9trage : Proph\u00e9tie","robots":{"index":"index","follow":"follow","max-snippet":"max-snippet:-1","max-image-preview":"max-image-preview:large","max-video-preview":"max-video-preview:-1"},"canonical":"https:\/\/julientaran.com\/index.php\/fiction\/","og_locale":"en_US","og_type":"article","og_title":"Projets &#8226; Julien TARAN","og_description":"Clips : PLK, Gazo, Kyan Khojandi || Publicit\u00e9s: The Running Collecive || Court-m\u00e9trage : Proph\u00e9tie","og_url":"https:\/\/julientaran.com\/index.php\/fiction\/","og_site_name":"Julien TARAN","article_modified_time":"2026-03-06T12:48:24+00:00","og_image":[{"url":"http:\/\/julientaran.com\/wp-content\/uploads\/2023\/11\/C5E2972D-3133-4603-9271-60076370D80C-4.jpg"}],"twitter_card":"summary_large_image","twitter_misc":{"Est. reading time":"2 minutes"},"schema":{"@context":"https:\/\/schema.org","@graph":[{"@type":"WebPage","@id":"https:\/\/julientaran.com\/index.php\/fiction\/","url":"https:\/\/julientaran.com\/index.php\/fiction\/","name":"Projets &#8226; Julien TARAN","isPartOf":{"@id":"https:\/\/julientaran.com\/#website"},"primaryImageOfPage":{"@id":"https:\/\/julientaran.com\/index.php\/fiction\/#primaryimage"},"image":{"@id":"https:\/\/julientaran.com\/index.php\/fiction\/#primaryimage"},"thumbnailUrl":"http:\/\/julientaran.com\/wp-content\/uploads\/2023\/11\/C5E2972D-3133-4603-9271-60076370D80C-4.jpg","datePublished":"2023-11-21T09:49:26+00:00","dateModified":"2026-03-06T12:48:24+00:00","description":"Clips : PLK, Gazo, Kyan Khojandi || Publicit\u00e9s: The Running Collecive || Court-m\u00e9trage : Proph\u00e9tie","breadcrumb":{"@id":"https:\/\/julientaran.com\/index.php\/fiction\/#breadcrumb"},"inLanguage":"en-US","potentialAction":[{"@type":"ReadAction","target":["https:\/\/julientaran.com\/index.php\/fiction\/"]}]},{"@type":"ImageObject","inLanguage":"en-US","@id":"https:\/\/julientaran.com\/index.php\/fiction\/#primaryimage","url":"http:\/\/julientaran.com\/wp-content\/uploads\/2023\/11\/C5E2972D-3133-4603-9271-60076370D80C-4.jpg","contentUrl":"http:\/\/julientaran.com\/wp-content\/uploads\/2023\/11\/C5E2972D-3133-4603-9271-60076370D80C-4.jpg"},{"@type":"BreadcrumbList","@id":"https:\/\/julientaran.com\/index.php\/fiction\/#breadcrumb","itemListElement":[{"@type":"ListItem","position":1,"name":"Accueil","item":"https:\/\/julientaran.com\/"},{"@type":"ListItem","position":2,"name":"FICTION"}]},{"@type":"WebSite","@id":"https:\/\/julientaran.com\/#website","url":"https:\/\/julientaran.com\/","name":"Julien TARAN","description":"","publisher":{"@id":"https:\/\/julientaran.com\/#organization"},"potentialAction":[{"@type":"SearchAction","target":{"@type":"EntryPoint","urlTemplate":"https:\/\/julientaran.com\/?s={search_term_string}"},"query-input":"required name=search_term_string"}],"inLanguage":"en-US"},{"@type":"Organization","@id":"https:\/\/julientaran.com\/#organization","name":"Julien TARAN","url":"https:\/\/julientaran.com\/","logo":{"@type":"ImageObject","inLanguage":"en-US","@id":"https:\/\/julientaran.com\/#\/schema\/logo\/image\/","url":"http:\/\/julientaran.com\/wp-content\/uploads\/2023\/11\/cropped-Logo-Noir-1@60x-1.png","contentUrl":"http:\/\/julientaran.com\/wp-content\/uploads\/2023\/11\/cropped-Logo-Noir-1@60x-1.png","width":99,"height":87,"caption":"Julien TARAN"},"image":{"@id":"https:\/\/julientaran.com\/#\/schema\/logo\/image\/"}}]}},"_links":{"self":[{"href":"https:\/\/julientaran.com\/index.php\/wp-json\/wp\/v2\/pages\/42"}],"collection":[{"href":"https:\/\/julientaran.com\/index.php\/wp-json\/wp\/v2\/pages"}],"about":[{"href":"https:\/\/julientaran.com\/index.php\/wp-json\/wp\/v2\/types\/page"}],"author":[{"embeddable":true,"href":"https:\/\/julientaran.com\/index.php\/wp-json\/wp\/v2\/users\/1"}],"replies":[{"embeddable":true,"href":"https:\/\/julientaran.com\/index.php\/wp-json\/wp\/v2\/comments?post=42"}],"version-history":[{"count":116,"href":"https:\/\/julientaran.com\/index.php\/wp-json\/wp\/v2\/pages\/42\/revisions"}],"predecessor-version":[{"id":1444,"href":"https:\/\/julientaran.com\/index.php\/wp-json\/wp\/v2\/pages\/42\/revisions\/1444"}],"wp:attachment":[{"href":"https:\/\/julientaran.com\/index.php\/wp-json\/wp\/v2\/media?parent=42"}],"curies":[{"name":"wp","href":"https:\/\/api.w.org\/{rel}","templated":true}]}}