{"id":40,"date":"2023-11-21T10:49:17","date_gmt":"2023-11-21T09:49:17","guid":{"rendered":"https:\/\/julientaran.com\/?page_id=40"},"modified":"2026-04-24T13:23:38","modified_gmt":"2026-04-24T11:23:38","slug":"travel","status":"publish","type":"page","link":"https:\/\/julientaran.com\/index.php\/travel\/","title":{"rendered":"TRAVEL"},"content":{"rendered":"\t\t<div data-elementor-type=\"wp-page\" data-elementor-id=\"40\" class=\"elementor elementor-40\">\n\t\t\t\t<div class=\"elementor-element elementor-element-eb65b62 e-flex e-con-boxed wpr-particle-no wpr-jarallax-no wpr-parallax-no wpr-sticky-section-no e-con e-parent\" data-id=\"eb65b62\" data-element_type=\"container\">\n\t\t\t\t\t<div class=\"e-con-inner\">\n\t\t\t\t<div class=\"elementor-element elementor-element-66646e7 elementor-widget elementor-widget-heading\" data-id=\"66646e7\" data-element_type=\"widget\" data-widget_type=\"heading.default\">\n\t\t\t\t<div class=\"elementor-widget-container\">\n\t\t\t\t\t<h2 class=\"elementor-heading-title elementor-size-default\">VOYAGE<\/h2>\t\t\t\t<\/div>\n\t\t\t\t<\/div>\n\t\t\t\t\t<\/div>\n\t\t\t\t<\/div>\n\t\t<div class=\"elementor-element elementor-element-79d7e9c e-flex e-con-boxed wpr-particle-no wpr-jarallax-no wpr-parallax-no wpr-sticky-section-no e-con e-parent\" data-id=\"79d7e9c\" data-element_type=\"container\">\n\t\t\t\t\t<div class=\"e-con-inner\">\n\t\t<div class=\"elementor-element elementor-element-b6c1ce7 e-con-full e-flex wpr-particle-no wpr-jarallax-no wpr-parallax-no wpr-sticky-section-no e-con e-child\" data-id=\"b6c1ce7\" data-element_type=\"container\">\n\t\t\t\t<div class=\"elementor-element elementor-element-14df336 elementor-widget elementor-widget-image\" data-id=\"14df336\" data-element_type=\"widget\" data-widget_type=\"image.default\">\n\t\t\t\t<div class=\"elementor-widget-container\">\n\t\t\t\t\t\t\t\t\t\t\t\t<figure class=\"wp-caption\">\n\t\t\t\t\t\t\t\t\t\t\t<a href=\"https:\/\/julientaran.com\/index.php\/reunion\/\">\n\t\t\t\t\t\t\t<img fetchpriority=\"high\" decoding=\"async\" width=\"1024\" height=\"768\" src=\"https:\/\/julientaran.com\/wp-content\/uploads\/2023\/12\/Minia_Reunion_43-plus-petit-1024x768.png\" class=\"attachment-large size-large wp-image-693\" alt=\"\" srcset=\"https:\/\/julientaran.com\/wp-content\/uploads\/2023\/12\/Minia_Reunion_43-plus-petit-1024x768.png 1024w, https:\/\/julientaran.com\/wp-content\/uploads\/2023\/12\/Minia_Reunion_43-plus-petit-300x225.png 300w, https:\/\/julientaran.com\/wp-content\/uploads\/2023\/12\/Minia_Reunion_43-plus-petit-768x576.png 768w, https:\/\/julientaran.com\/wp-content\/uploads\/2023\/12\/Minia_Reunion_43-plus-petit.png 1440w\" sizes=\"(max-width: 1024px) 100vw, 1024px\" \/>\t\t\t\t\t\t\t\t<\/a>\n\t\t\t\t\t\t\t\t\t\t\t<figcaption class=\"widget-image-caption wp-caption-text\">\u00ceLE DE LA R\u00c9UNION<\/figcaption>\n\t\t\t\t\t\t\t\t\t\t<\/figure>\n\t\t\t\t\t\t\t\t\t<\/div>\n\t\t\t\t<\/div>\n\t\t\t\t<\/div>\n\t\t<div class=\"elementor-element elementor-element-6f3235f e-con-full e-flex wpr-particle-no wpr-jarallax-no wpr-parallax-no wpr-sticky-section-no e-con e-child\" data-id=\"6f3235f\" data-element_type=\"container\">\n\t\t\t\t<div class=\"elementor-element elementor-element-6c9ec0d elementor-widget elementor-widget-image\" data-id=\"6c9ec0d\" data-element_type=\"widget\" data-widget_type=\"image.default\">\n\t\t\t\t<div class=\"elementor-widget-container\">\n\t\t\t\t\t\t\t\t\t\t\t\t<figure class=\"wp-caption\">\n\t\t\t\t\t\t\t\t\t\t\t<a href=\"https:\/\/julientaran.com\/index.php\/tunisie\">\n\t\t\t\t\t\t\t<img decoding=\"async\" width=\"1024\" height=\"768\" src=\"https:\/\/julientaran.com\/wp-content\/uploads\/2023\/12\/Tunisie_Couv43-1024x768.png\" class=\"attachment-large size-large wp-image-694\" alt=\"\" srcset=\"https:\/\/julientaran.com\/wp-content\/uploads\/2023\/12\/Tunisie_Couv43-1024x768.png 1024w, https:\/\/julientaran.com\/wp-content\/uploads\/2023\/12\/Tunisie_Couv43-300x225.png 300w, https:\/\/julientaran.com\/wp-content\/uploads\/2023\/12\/Tunisie_Couv43-768x576.png 768w, https:\/\/julientaran.com\/wp-content\/uploads\/2023\/12\/Tunisie_Couv43.png 1032w\" sizes=\"(max-width: 1024px) 100vw, 1024px\" \/>\t\t\t\t\t\t\t\t<\/a>\n\t\t\t\t\t\t\t\t\t\t\t<figcaption class=\"widget-image-caption wp-caption-text\">TUNISIE<\/figcaption>\n\t\t\t\t\t\t\t\t\t\t<\/figure>\n\t\t\t\t\t\t\t\t\t<\/div>\n\t\t\t\t<\/div>\n\t\t\t\t<\/div>\n\t\t<div class=\"elementor-element elementor-element-c96d803 e-con-full e-flex wpr-particle-no wpr-jarallax-no wpr-parallax-no wpr-sticky-section-no e-con e-child\" data-id=\"c96d803\" data-element_type=\"container\">\n\t\t\t\t<div class=\"elementor-element elementor-element-e435893 elementor-widget elementor-widget-image\" data-id=\"e435893\" data-element_type=\"widget\" data-widget_type=\"image.default\">\n\t\t\t\t<div class=\"elementor-widget-container\">\n\t\t\t\t\t\t\t\t\t\t\t\t<figure class=\"wp-caption\">\n\t\t\t\t\t\t\t\t\t\t\t<a href=\"https:\/\/julientaran.com\/index.php\/indonesie\">\n\t\t\t\t\t\t\t<img decoding=\"async\" width=\"1024\" height=\"768\" src=\"https:\/\/julientaran.com\/wp-content\/uploads\/2024\/06\/Indonesie43-1-1024x768.jpg\" class=\"attachment-large size-large wp-image-1144\" alt=\"\" srcset=\"https:\/\/julientaran.com\/wp-content\/uploads\/2024\/06\/Indonesie43-1-1024x768.jpg 1024w, https:\/\/julientaran.com\/wp-content\/uploads\/2024\/06\/Indonesie43-1-300x225.jpg 300w, https:\/\/julientaran.com\/wp-content\/uploads\/2024\/06\/Indonesie43-1-768x576.jpg 768w, https:\/\/julientaran.com\/wp-content\/uploads\/2024\/06\/Indonesie43-1-1536x1152.jpg 1536w, https:\/\/julientaran.com\/wp-content\/uploads\/2024\/06\/Indonesie43-1-2048x1536.jpg 2048w\" sizes=\"(max-width: 1024px) 100vw, 1024px\" \/>\t\t\t\t\t\t\t\t<\/a>\n\t\t\t\t\t\t\t\t\t\t\t<figcaption class=\"widget-image-caption wp-caption-text\">INDON\u00c9SIE<\/figcaption>\n\t\t\t\t\t\t\t\t\t\t<\/figure>\n\t\t\t\t\t\t\t\t\t<\/div>\n\t\t\t\t<\/div>\n\t\t\t\t<\/div>\n\t\t<div class=\"elementor-element elementor-element-eafe756 e-con-full e-flex wpr-particle-no wpr-jarallax-no wpr-parallax-no wpr-sticky-section-no e-con e-child\" data-id=\"eafe756\" data-element_type=\"container\">\n\t\t\t\t<div class=\"elementor-element elementor-element-2afb218 elementor-widget elementor-widget-image\" data-id=\"2afb218\" data-element_type=\"widget\" data-widget_type=\"image.default\">\n\t\t\t\t<div class=\"elementor-widget-container\">\n\t\t\t\t\t\t\t\t\t\t\t\t<figure class=\"wp-caption\">\n\t\t\t\t\t\t\t\t\t\t\t<a href=\"https:\/\/julientaran.com\/index.php\/vietnam\">\n\t\t\t\t\t\t\t<img loading=\"lazy\" decoding=\"async\" width=\"1024\" height=\"768\" src=\"https:\/\/julientaran.com\/wp-content\/uploads\/2024\/04\/Vietnam_v2_43-1-1024x768.jpg\" class=\"attachment-large size-large wp-image-1071\" alt=\"\" srcset=\"https:\/\/julientaran.com\/wp-content\/uploads\/2024\/04\/Vietnam_v2_43-1-1024x768.jpg 1024w, https:\/\/julientaran.com\/wp-content\/uploads\/2024\/04\/Vietnam_v2_43-1-300x225.jpg 300w, https:\/\/julientaran.com\/wp-content\/uploads\/2024\/04\/Vietnam_v2_43-1-768x576.jpg 768w, https:\/\/julientaran.com\/wp-content\/uploads\/2024\/04\/Vietnam_v2_43-1-1536x1152.jpg 1536w, https:\/\/julientaran.com\/wp-content\/uploads\/2024\/04\/Vietnam_v2_43-1-2048x1536.jpg 2048w\" sizes=\"(max-width: 1024px) 100vw, 1024px\" \/>\t\t\t\t\t\t\t\t<\/a>\n\t\t\t\t\t\t\t\t\t\t\t<figcaption class=\"widget-image-caption wp-caption-text\">VIETNAM<\/figcaption>\n\t\t\t\t\t\t\t\t\t\t<\/figure>\n\t\t\t\t\t\t\t\t\t<\/div>\n\t\t\t\t<\/div>\n\t\t\t\t<\/div>\n\t\t\t\t\t<\/div>\n\t\t\t\t<\/div>\n\t\t<div class=\"elementor-element elementor-element-0ee61f5 e-flex e-con-boxed wpr-particle-no wpr-jarallax-no wpr-parallax-no wpr-sticky-section-no e-con e-parent\" data-id=\"0ee61f5\" data-element_type=\"container\">\n\t\t\t\t\t<div class=\"e-con-inner\">\n\t\t\t\t<div class=\"elementor-element elementor-element-d9baedf elementor-widget elementor-widget-heading\" data-id=\"d9baedf\" data-element_type=\"widget\" data-widget_type=\"heading.default\">\n\t\t\t\t<div class=\"elementor-widget-container\">\n\t\t\t\t\t<h3 class=\"elementor-heading-title elementor-size-default\"><a href=\"https:\/\/julientaran.com\/index.php\/reconnexion\/\">D\u00c9COUVREZ NOTRE EXPOSITION<br>PHOTO\/VID\u00c9O EN CLIQUANT ICI !<\/a><\/h3>\t\t\t\t<\/div>\n\t\t\t\t<\/div>\n\t\t\t\t\t<\/div>\n\t\t\t\t<\/div>\n\t\t\t\t<\/div>\n\t\t","protected":false},"excerpt":{"rendered":"<p>VOYAGE \u00ceLE DE LA R\u00c9UNION TUNISIE INDON\u00c9SIE VIETNAM D\u00c9COUVREZ NOTRE EXPOSITIONPHOTO\/VID\u00c9O EN CLIQUANT ICI !<\/p>\n","protected":false},"author":1,"featured_media":0,"parent":0,"menu_order":0,"comment_status":"closed","ping_status":"closed","template":"","meta":{"_monsterinsights_skip_tracking":false,"_monsterinsights_sitenote_active":false,"_monsterinsights_sitenote_note":"","_monsterinsights_sitenote_category":0,"ocean_post_layout":"","ocean_both_sidebars_style":"","ocean_both_sidebars_content_width":0,"ocean_both_sidebars_sidebars_width":0,"ocean_sidebar":"","ocean_second_sidebar":"","ocean_disable_margins":"enable","ocean_add_body_class":"","ocean_shortcode_before_top_bar":"","ocean_shortcode_after_top_bar":"","ocean_shortcode_before_header":"","ocean_shortcode_after_header":"","ocean_has_shortcode":"","ocean_shortcode_after_title":"","ocean_shortcode_before_footer_widgets":"","ocean_shortcode_after_footer_widgets":"","ocean_shortcode_before_footer_bottom":"","ocean_shortcode_after_footer_bottom":"","ocean_display_top_bar":"default","ocean_display_header":"default","ocean_header_style":"","ocean_center_header_left_menu":"","ocean_custom_header_template":"","ocean_custom_logo":0,"ocean_custom_retina_logo":0,"ocean_custom_logo_max_width":0,"ocean_custom_logo_tablet_max_width":0,"ocean_custom_logo_mobile_max_width":0,"ocean_custom_logo_max_height":0,"ocean_custom_logo_tablet_max_height":0,"ocean_custom_logo_mobile_max_height":0,"ocean_header_custom_menu":"","ocean_menu_typo_font_family":"","ocean_menu_typo_font_subset":"","ocean_menu_typo_font_size":0,"ocean_menu_typo_font_size_tablet":0,"ocean_menu_typo_font_size_mobile":0,"ocean_menu_typo_font_size_unit":"px","ocean_menu_typo_font_weight":"","ocean_menu_typo_font_weight_tablet":"","ocean_menu_typo_font_weight_mobile":"","ocean_menu_typo_transform":"","ocean_menu_typo_transform_tablet":"","ocean_menu_typo_transform_mobile":"","ocean_menu_typo_line_height":0,"ocean_menu_typo_line_height_tablet":0,"ocean_menu_typo_line_height_mobile":0,"ocean_menu_typo_line_height_unit":"","ocean_menu_typo_spacing":0,"ocean_menu_typo_spacing_tablet":0,"ocean_menu_typo_spacing_mobile":0,"ocean_menu_typo_spacing_unit":"","ocean_menu_link_color":"","ocean_menu_link_color_hover":"","ocean_menu_link_color_active":"","ocean_menu_link_background":"","ocean_menu_link_hover_background":"","ocean_menu_link_active_background":"","ocean_menu_social_links_bg":"","ocean_menu_social_hover_links_bg":"","ocean_menu_social_links_color":"","ocean_menu_social_hover_links_color":"","ocean_disable_title":"default","ocean_disable_heading":"default","ocean_post_title":"","ocean_post_subheading":"","ocean_post_title_style":"","ocean_post_title_background_color":"","ocean_post_title_background":0,"ocean_post_title_bg_image_position":"","ocean_post_title_bg_image_attachment":"","ocean_post_title_bg_image_repeat":"","ocean_post_title_bg_image_size":"","ocean_post_title_height":0,"ocean_post_title_bg_overlay":0.5,"ocean_post_title_bg_overlay_color":"","ocean_disable_breadcrumbs":"default","ocean_breadcrumbs_color":"","ocean_breadcrumbs_separator_color":"","ocean_breadcrumbs_links_color":"","ocean_breadcrumbs_links_hover_color":"","ocean_display_footer_widgets":"default","ocean_display_footer_bottom":"default","ocean_custom_footer_template":"","footnotes":""},"yoast_head":"<!-- This site is optimized with the Yoast SEO plugin v22.3 - https:\/\/yoast.com\/wordpress\/plugins\/seo\/ -->\n<title>Voyages &#8226; Julien TARAN<\/title>\n<meta name=\"description\" content=\"Vid\u00e9os cin\u00e9matiques de voyage. \u00cele de la R\u00e9union, Maldives, Tunisie...\" \/>\n<meta name=\"robots\" content=\"index, follow, max-snippet:-1, max-image-preview:large, max-video-preview:-1\" \/>\n<link rel=\"canonical\" href=\"https:\/\/julientaran.com\/index.php\/travel\/\" \/>\n<meta property=\"og:locale\" content=\"en_US\" \/>\n<meta property=\"og:type\" content=\"article\" \/>\n<meta property=\"og:title\" content=\"Voyages &#8226; Julien TARAN\" \/>\n<meta property=\"og:description\" content=\"Vid\u00e9os cin\u00e9matiques de voyage. \u00cele de la R\u00e9union, Maldives, Tunisie...\" \/>\n<meta property=\"og:url\" content=\"https:\/\/julientaran.com\/index.php\/travel\/\" \/>\n<meta property=\"og:site_name\" content=\"Julien TARAN\" \/>\n<meta property=\"article:modified_time\" content=\"2026-04-24T11:23:38+00:00\" \/>\n<meta property=\"og:image\" content=\"http:\/\/julientaran.com\/wp-content\/uploads\/2023\/12\/Minia_Reunion_43-plus-petit-1024x768.png\" \/>\n<meta name=\"twitter:card\" content=\"summary_large_image\" \/>\n<meta name=\"twitter:label1\" content=\"Est. reading time\" \/>\n\t<meta name=\"twitter:data1\" content=\"1 minute\" \/>\n<script type=\"application\/ld+json\" class=\"yoast-schema-graph\">{\"@context\":\"https:\/\/schema.org\",\"@graph\":[{\"@type\":\"WebPage\",\"@id\":\"https:\/\/julientaran.com\/index.php\/travel\/\",\"url\":\"https:\/\/julientaran.com\/index.php\/travel\/\",\"name\":\"Voyages &#8226; Julien TARAN\",\"isPartOf\":{\"@id\":\"https:\/\/julientaran.com\/#website\"},\"primaryImageOfPage\":{\"@id\":\"https:\/\/julientaran.com\/index.php\/travel\/#primaryimage\"},\"image\":{\"@id\":\"https:\/\/julientaran.com\/index.php\/travel\/#primaryimage\"},\"thumbnailUrl\":\"http:\/\/julientaran.com\/wp-content\/uploads\/2023\/12\/Minia_Reunion_43-plus-petit-1024x768.png\",\"datePublished\":\"2023-11-21T09:49:17+00:00\",\"dateModified\":\"2026-04-24T11:23:38+00:00\",\"description\":\"Vid\u00e9os cin\u00e9matiques de voyage. \u00cele de la R\u00e9union, Maldives, Tunisie...\",\"breadcrumb\":{\"@id\":\"https:\/\/julientaran.com\/index.php\/travel\/#breadcrumb\"},\"inLanguage\":\"en-US\",\"potentialAction\":[{\"@type\":\"ReadAction\",\"target\":[\"https:\/\/julientaran.com\/index.php\/travel\/\"]}]},{\"@type\":\"ImageObject\",\"inLanguage\":\"en-US\",\"@id\":\"https:\/\/julientaran.com\/index.php\/travel\/#primaryimage\",\"url\":\"http:\/\/julientaran.com\/wp-content\/uploads\/2023\/12\/Minia_Reunion_43-plus-petit-1024x768.png\",\"contentUrl\":\"http:\/\/julientaran.com\/wp-content\/uploads\/2023\/12\/Minia_Reunion_43-plus-petit-1024x768.png\"},{\"@type\":\"BreadcrumbList\",\"@id\":\"https:\/\/julientaran.com\/index.php\/travel\/#breadcrumb\",\"itemListElement\":[{\"@type\":\"ListItem\",\"position\":1,\"name\":\"Accueil\",\"item\":\"https:\/\/julientaran.com\/\"},{\"@type\":\"ListItem\",\"position\":2,\"name\":\"TRAVEL\"}]},{\"@type\":\"WebSite\",\"@id\":\"https:\/\/julientaran.com\/#website\",\"url\":\"https:\/\/julientaran.com\/\",\"name\":\"Julien TARAN\",\"description\":\"\",\"publisher\":{\"@id\":\"https:\/\/julientaran.com\/#organization\"},\"potentialAction\":[{\"@type\":\"SearchAction\",\"target\":{\"@type\":\"EntryPoint\",\"urlTemplate\":\"https:\/\/julientaran.com\/?s={search_term_string}\"},\"query-input\":\"required name=search_term_string\"}],\"inLanguage\":\"en-US\"},{\"@type\":\"Organization\",\"@id\":\"https:\/\/julientaran.com\/#organization\",\"name\":\"Julien TARAN\",\"url\":\"https:\/\/julientaran.com\/\",\"logo\":{\"@type\":\"ImageObject\",\"inLanguage\":\"en-US\",\"@id\":\"https:\/\/julientaran.com\/#\/schema\/logo\/image\/\",\"url\":\"http:\/\/julientaran.com\/wp-content\/uploads\/2023\/11\/cropped-Logo-Noir-1@60x-1.png\",\"contentUrl\":\"http:\/\/julientaran.com\/wp-content\/uploads\/2023\/11\/cropped-Logo-Noir-1@60x-1.png\",\"width\":99,\"height\":87,\"caption\":\"Julien TARAN\"},\"image\":{\"@id\":\"https:\/\/julientaran.com\/#\/schema\/logo\/image\/\"}}]}<\/script>\n<!-- \/ Yoast SEO plugin. -->","yoast_head_json":{"title":"Voyages &#8226; Julien TARAN","description":"Vid\u00e9os cin\u00e9matiques de voyage. \u00cele de la R\u00e9union, Maldives, Tunisie...","robots":{"index":"index","follow":"follow","max-snippet":"max-snippet:-1","max-image-preview":"max-image-preview:large","max-video-preview":"max-video-preview:-1"},"canonical":"https:\/\/julientaran.com\/index.php\/travel\/","og_locale":"en_US","og_type":"article","og_title":"Voyages &#8226; Julien TARAN","og_description":"Vid\u00e9os cin\u00e9matiques de voyage. \u00cele de la R\u00e9union, Maldives, Tunisie...","og_url":"https:\/\/julientaran.com\/index.php\/travel\/","og_site_name":"Julien TARAN","article_modified_time":"2026-04-24T11:23:38+00:00","og_image":[{"url":"http:\/\/julientaran.com\/wp-content\/uploads\/2023\/12\/Minia_Reunion_43-plus-petit-1024x768.png"}],"twitter_card":"summary_large_image","twitter_misc":{"Est. reading time":"1 minute"},"schema":{"@context":"https:\/\/schema.org","@graph":[{"@type":"WebPage","@id":"https:\/\/julientaran.com\/index.php\/travel\/","url":"https:\/\/julientaran.com\/index.php\/travel\/","name":"Voyages &#8226; Julien TARAN","isPartOf":{"@id":"https:\/\/julientaran.com\/#website"},"primaryImageOfPage":{"@id":"https:\/\/julientaran.com\/index.php\/travel\/#primaryimage"},"image":{"@id":"https:\/\/julientaran.com\/index.php\/travel\/#primaryimage"},"thumbnailUrl":"http:\/\/julientaran.com\/wp-content\/uploads\/2023\/12\/Minia_Reunion_43-plus-petit-1024x768.png","datePublished":"2023-11-21T09:49:17+00:00","dateModified":"2026-04-24T11:23:38+00:00","description":"Vid\u00e9os cin\u00e9matiques de voyage. \u00cele de la R\u00e9union, Maldives, Tunisie...","breadcrumb":{"@id":"https:\/\/julientaran.com\/index.php\/travel\/#breadcrumb"},"inLanguage":"en-US","potentialAction":[{"@type":"ReadAction","target":["https:\/\/julientaran.com\/index.php\/travel\/"]}]},{"@type":"ImageObject","inLanguage":"en-US","@id":"https:\/\/julientaran.com\/index.php\/travel\/#primaryimage","url":"http:\/\/julientaran.com\/wp-content\/uploads\/2023\/12\/Minia_Reunion_43-plus-petit-1024x768.png","contentUrl":"http:\/\/julientaran.com\/wp-content\/uploads\/2023\/12\/Minia_Reunion_43-plus-petit-1024x768.png"},{"@type":"BreadcrumbList","@id":"https:\/\/julientaran.com\/index.php\/travel\/#breadcrumb","itemListElement":[{"@type":"ListItem","position":1,"name":"Accueil","item":"https:\/\/julientaran.com\/"},{"@type":"ListItem","position":2,"name":"TRAVEL"}]},{"@type":"WebSite","@id":"https:\/\/julientaran.com\/#website","url":"https:\/\/julientaran.com\/","name":"Julien TARAN","description":"","publisher":{"@id":"https:\/\/julientaran.com\/#organization"},"potentialAction":[{"@type":"SearchAction","target":{"@type":"EntryPoint","urlTemplate":"https:\/\/julientaran.com\/?s={search_term_string}"},"query-input":"required name=search_term_string"}],"inLanguage":"en-US"},{"@type":"Organization","@id":"https:\/\/julientaran.com\/#organization","name":"Julien TARAN","url":"https:\/\/julientaran.com\/","logo":{"@type":"ImageObject","inLanguage":"en-US","@id":"https:\/\/julientaran.com\/#\/schema\/logo\/image\/","url":"http:\/\/julientaran.com\/wp-content\/uploads\/2023\/11\/cropped-Logo-Noir-1@60x-1.png","contentUrl":"http:\/\/julientaran.com\/wp-content\/uploads\/2023\/11\/cropped-Logo-Noir-1@60x-1.png","width":99,"height":87,"caption":"Julien TARAN"},"image":{"@id":"https:\/\/julientaran.com\/#\/schema\/logo\/image\/"}}]}},"_links":{"self":[{"href":"https:\/\/julientaran.com\/index.php\/wp-json\/wp\/v2\/pages\/40"}],"collection":[{"href":"https:\/\/julientaran.com\/index.php\/wp-json\/wp\/v2\/pages"}],"about":[{"href":"https:\/\/julientaran.com\/index.php\/wp-json\/wp\/v2\/types\/page"}],"author":[{"embeddable":true,"href":"https:\/\/julientaran.com\/index.php\/wp-json\/wp\/v2\/users\/1"}],"replies":[{"embeddable":true,"href":"https:\/\/julientaran.com\/index.php\/wp-json\/wp\/v2\/comments?post=40"}],"version-history":[{"count":103,"href":"https:\/\/julientaran.com\/index.php\/wp-json\/wp\/v2\/pages\/40\/revisions"}],"predecessor-version":[{"id":1508,"href":"https:\/\/julientaran.com\/index.php\/wp-json\/wp\/v2\/pages\/40\/revisions\/1508"}],"wp:attachment":[{"href":"https:\/\/julientaran.com\/index.php\/wp-json\/wp\/v2\/media?parent=40"}],"curies":[{"name":"wp","href":"https:\/\/api.w.org\/{rel}","templated":true}]}}