{"id":1411,"date":"2026-03-06T13:02:24","date_gmt":"2026-03-06T12:02:24","guid":{"rendered":"https:\/\/julientaran.com\/?page_id=1411"},"modified":"2026-03-06T13:02:46","modified_gmt":"2026-03-06T12:02:46","slug":"commercials","status":"publish","type":"page","link":"https:\/\/julientaran.com\/index.php\/commercials\/","title":{"rendered":"COMMERCIALS"},"content":{"rendered":"\t\t<div data-elementor-type=\"wp-page\" data-elementor-id=\"1411\" class=\"elementor elementor-1411\">\n\t\t\t\t<div class=\"elementor-element elementor-element-6bafeb1 e-flex e-con-boxed wpr-particle-no wpr-jarallax-no wpr-parallax-no wpr-sticky-section-no e-con e-parent\" data-id=\"6bafeb1\" data-element_type=\"container\">\n\t\t\t\t\t<div class=\"e-con-inner\">\n\t\t\t\t<div class=\"elementor-element elementor-element-a005dd8 elementor-widget elementor-widget-heading\" data-id=\"a005dd8\" data-element_type=\"widget\" data-widget_type=\"heading.default\">\n\t\t\t\t<div class=\"elementor-widget-container\">\n\t\t\t\t\t<h1 class=\"elementor-heading-title elementor-size-default\">PUBLICIT\u00c9 \/ MARKETING VID\u00c9O<\/h1>\t\t\t\t<\/div>\n\t\t\t\t<\/div>\n\t\t\t\t\t<\/div>\n\t\t\t\t<\/div>\n\t\t<div class=\"elementor-element elementor-element-3b1f743 e-flex e-con-boxed wpr-particle-no wpr-jarallax-no wpr-parallax-no wpr-sticky-section-no e-con e-parent\" data-id=\"3b1f743\" data-element_type=\"container\">\n\t\t\t\t\t<div class=\"e-con-inner\">\n\t\t\t\t<div class=\"elementor-element elementor-element-3087eec elementor-widget elementor-widget-html\" data-id=\"3087eec\" data-element_type=\"widget\" data-widget_type=\"html.default\">\n\t\t\t\t<div class=\"elementor-widget-container\">\n\t\t\t\t\t<a href=\"https:\/\/julientaran.com\/index.php\/10k-adidas\/\">\r\n    <figure>\r\n        <picture>\r\n            <source srcset=\"http:\/\/julientaran.com\/wp-content\/uploads\/2024\/06\/Bandeau_mobile.png\" media=\"(max-width: 768px)\">\r\n            <source srcset=\"http:\/\/julientaran.com\/wp-content\/uploads\/2024\/06\/Bandeau.png\" media=\"(min-width: 769px)\">\r\n            <img decoding=\"async\" src=\"URL_DE_VOTRE_IMAGE_DESKTOP\" alt=\"Description de l'image\" class=\"hover-opacity\">\r\n        <\/picture>\r\n    <\/figure>\r\n<\/a>\r\n\r\n<style>\r\n    .hover-opacity {\r\n        transition: opacity 0.3s;\r\n    }\r\n\r\n    .hover-opacity:hover {\r\n        opacity: 0.6;\r\n    }\r\n<\/style>\r\n\r\n\t\t\t\t<\/div>\n\t\t\t\t<\/div>\n\t\t\t\t\t<\/div>\n\t\t\t\t<\/div>\n\t\t<div class=\"elementor-element elementor-element-95faea8 e-flex e-con-boxed wpr-particle-no wpr-jarallax-no wpr-parallax-no wpr-sticky-section-no e-con e-parent\" data-id=\"95faea8\" data-element_type=\"container\">\n\t\t\t\t\t<div class=\"e-con-inner\">\n\t\t\t\t<div class=\"elementor-element elementor-element-3d4df34 elementor-widget elementor-widget-text-editor\" data-id=\"3d4df34\" data-element_type=\"widget\" data-widget_type=\"text-editor.default\">\n\t\t\t\t<div class=\"elementor-widget-container\">\n\t\t\t\t\t\t\t\t\t<p><i>Cadreur &#8211; 10K Adidas Paris pour TRC (2024)<\/i><\/p>\t\t\t\t\t\t\t\t<\/div>\n\t\t\t\t<\/div>\n\t\t\t\t\t<\/div>\n\t\t\t\t<\/div>\n\t\t<div class=\"elementor-element elementor-element-1b73906 e-con-full e-flex wpr-particle-no wpr-jarallax-no wpr-parallax-no wpr-sticky-section-no e-con e-parent\" data-id=\"1b73906\" data-element_type=\"container\">\n\t\t<div class=\"elementor-element elementor-element-5406b89 e-con-full e-flex wpr-particle-no wpr-jarallax-no wpr-parallax-no wpr-sticky-section-no e-con e-child\" data-id=\"5406b89\" data-element_type=\"container\">\n\t\t\t\t<div class=\"elementor-element elementor-element-dd33938 elementor-widget elementor-widget-image\" data-id=\"dd33938\" data-element_type=\"widget\" data-widget_type=\"image.default\">\n\t\t\t\t<div class=\"elementor-widget-container\">\n\t\t\t\t\t\t\t\t\t\t\t\t<figure class=\"wp-caption\">\n\t\t\t\t\t\t\t\t\t\t\t<a href=\"https:\/\/www.instagram.com\/p\/CUhF8ORIz9Y\/?utm_source=ig_web_copy_link&#038;igshid=MzRlODBiNWFlZA==\" target=\"_blank\">\n\t\t\t\t\t\t\t<img fetchpriority=\"high\" decoding=\"async\" width=\"825\" height=\"464\" src=\"https:\/\/julientaran.com\/wp-content\/uploads\/2023\/11\/TRC-Picture-Only.png\" class=\"attachment-large size-large wp-image-162\" alt=\"\" srcset=\"https:\/\/julientaran.com\/wp-content\/uploads\/2023\/11\/TRC-Picture-Only.png 825w, https:\/\/julientaran.com\/wp-content\/uploads\/2023\/11\/TRC-Picture-Only-300x169.png 300w, https:\/\/julientaran.com\/wp-content\/uploads\/2023\/11\/TRC-Picture-Only-768x432.png 768w, https:\/\/julientaran.com\/wp-content\/uploads\/2023\/11\/TRC-Picture-Only-800x450.png 800w\" sizes=\"(max-width: 825px) 100vw, 825px\" \/>\t\t\t\t\t\t\t\t<\/a>\n\t\t\t\t\t\t\t\t\t\t\t<figcaption class=\"widget-image-caption wp-caption-text\">R\u00e9alisateur - Publicit\u00e9 pour TRC (2021)<\/figcaption>\n\t\t\t\t\t\t\t\t\t\t<\/figure>\n\t\t\t\t\t\t\t\t\t<\/div>\n\t\t\t\t<\/div>\n\t\t\t\t<\/div>\n\t\t<div class=\"elementor-element elementor-element-5005e03 e-con-full e-flex wpr-particle-no wpr-jarallax-no wpr-parallax-no wpr-sticky-section-no e-con e-child\" data-id=\"5005e03\" data-element_type=\"container\">\n\t\t\t\t<div class=\"elementor-element elementor-element-4afe248 elementor-widget elementor-widget-image\" data-id=\"4afe248\" data-element_type=\"widget\" data-widget_type=\"image.default\">\n\t\t\t\t<div class=\"elementor-widget-container\">\n\t\t\t\t\t\t\t\t\t\t\t\t<figure class=\"wp-caption\">\n\t\t\t\t\t\t\t\t\t\t\t<a href=\"https:\/\/www.instagram.com\/reel\/CUo0Vqlo6N9\/?utm_source=ig_web_copy_link&#038;igshid=MzRlODBiNWFlZA==\" target=\"_blank\">\n\t\t\t\t\t\t\t<img decoding=\"async\" width=\"1024\" height=\"576\" src=\"https:\/\/julientaran.com\/wp-content\/uploads\/2023\/11\/Asics-1-1024x576.jpg\" class=\"attachment-large size-large wp-image-163\" alt=\"\" srcset=\"https:\/\/julientaran.com\/wp-content\/uploads\/2023\/11\/Asics-1-1024x576.jpg 1024w, https:\/\/julientaran.com\/wp-content\/uploads\/2023\/11\/Asics-1-300x169.jpg 300w, https:\/\/julientaran.com\/wp-content\/uploads\/2023\/11\/Asics-1-768x432.jpg 768w, https:\/\/julientaran.com\/wp-content\/uploads\/2023\/11\/Asics-1-1536x864.jpg 1536w, https:\/\/julientaran.com\/wp-content\/uploads\/2023\/11\/Asics-1-800x450.jpg 800w, https:\/\/julientaran.com\/wp-content\/uploads\/2023\/11\/Asics-1.jpg 1920w\" sizes=\"(max-width: 1024px) 100vw, 1024px\" \/>\t\t\t\t\t\t\t\t<\/a>\n\t\t\t\t\t\t\t\t\t\t\t<figcaption class=\"widget-image-caption wp-caption-text\">R\u00e9alisateur - Publicit\u00e9 Asics pour TRC (2021)<\/figcaption>\n\t\t\t\t\t\t\t\t\t\t<\/figure>\n\t\t\t\t\t\t\t\t\t<\/div>\n\t\t\t\t<\/div>\n\t\t\t\t<\/div>\n\t\t<div class=\"elementor-element elementor-element-80a70b0 e-con-full e-flex wpr-particle-no wpr-jarallax-no wpr-parallax-no wpr-sticky-section-no e-con e-child\" data-id=\"80a70b0\" data-element_type=\"container\">\n\t\t\t\t<div class=\"elementor-element elementor-element-e0bb438 elementor-widget elementor-widget-image\" data-id=\"e0bb438\" data-element_type=\"widget\" data-widget_type=\"image.default\">\n\t\t\t\t<div class=\"elementor-widget-container\">\n\t\t\t\t\t\t\t\t\t\t\t\t<figure class=\"wp-caption\">\n\t\t\t\t\t\t\t\t\t\t\t<a href=\"https:\/\/www.instagram.com\/reel\/CPFjAJnon9m\/?utm_source=ig_web_copy_link&#038;igshid=MzRlODBiNWFlZA==\" target=\"_blank\">\n\t\t\t\t\t\t\t<img decoding=\"async\" width=\"1024\" height=\"576\" src=\"https:\/\/julientaran.com\/wp-content\/uploads\/2023\/11\/Course169-1024x576.png\" class=\"attachment-large size-large wp-image-186\" alt=\"\" srcset=\"https:\/\/julientaran.com\/wp-content\/uploads\/2023\/11\/Course169-1024x576.png 1024w, https:\/\/julientaran.com\/wp-content\/uploads\/2023\/11\/Course169-300x169.png 300w, https:\/\/julientaran.com\/wp-content\/uploads\/2023\/11\/Course169-768x432.png 768w, https:\/\/julientaran.com\/wp-content\/uploads\/2023\/11\/Course169-800x450.png 800w, https:\/\/julientaran.com\/wp-content\/uploads\/2023\/11\/Course169.png 1026w\" sizes=\"(max-width: 1024px) 100vw, 1024px\" \/>\t\t\t\t\t\t\t\t<\/a>\n\t\t\t\t\t\t\t\t\t\t\t<figcaption class=\"widget-image-caption wp-caption-text\">R\u00e9alisateur - R\u00e9els Instagram pour TRC (2021)<\/figcaption>\n\t\t\t\t\t\t\t\t\t\t<\/figure>\n\t\t\t\t\t\t\t\t\t<\/div>\n\t\t\t\t<\/div>\n\t\t\t\t<\/div>\n\t\t\t\t<\/div>\n\t\t\t\t<\/div>\n\t\t","protected":false},"excerpt":{"rendered":"<p>PUBLICIT\u00c9 \/ MARKETING VID\u00c9O Cadreur &#8211; 10K Adidas Paris pour TRC (2024) R\u00e9alisateur &#8211; Publicit\u00e9 pour TRC (2021) R\u00e9alisateur &#8211; Publicit\u00e9 Asics pour TRC (2021) R\u00e9alisateur &#8211; R\u00e9els Instagram pour TRC (2021)<\/p>\n","protected":false},"author":1,"featured_media":0,"parent":0,"menu_order":0,"comment_status":"closed","ping_status":"closed","template":"","meta":{"_monsterinsights_skip_tracking":false,"_monsterinsights_sitenote_active":false,"_monsterinsights_sitenote_note":"","_monsterinsights_sitenote_category":0,"ocean_post_layout":"","ocean_both_sidebars_style":"","ocean_both_sidebars_content_width":0,"ocean_both_sidebars_sidebars_width":0,"ocean_sidebar":"","ocean_second_sidebar":"","ocean_disable_margins":"enable","ocean_add_body_class":"","ocean_shortcode_before_top_bar":"","ocean_shortcode_after_top_bar":"","ocean_shortcode_before_header":"","ocean_shortcode_after_header":"","ocean_has_shortcode":"","ocean_shortcode_after_title":"","ocean_shortcode_before_footer_widgets":"","ocean_shortcode_after_footer_widgets":"","ocean_shortcode_before_footer_bottom":"","ocean_shortcode_after_footer_bottom":"","ocean_display_top_bar":"default","ocean_display_header":"default","ocean_header_style":"","ocean_center_header_left_menu":"","ocean_custom_header_template":"","ocean_custom_logo":0,"ocean_custom_retina_logo":0,"ocean_custom_logo_max_width":0,"ocean_custom_logo_tablet_max_width":0,"ocean_custom_logo_mobile_max_width":0,"ocean_custom_logo_max_height":0,"ocean_custom_logo_tablet_max_height":0,"ocean_custom_logo_mobile_max_height":0,"ocean_header_custom_menu":"","ocean_menu_typo_font_family":"","ocean_menu_typo_font_subset":"","ocean_menu_typo_font_size":0,"ocean_menu_typo_font_size_tablet":0,"ocean_menu_typo_font_size_mobile":0,"ocean_menu_typo_font_size_unit":"px","ocean_menu_typo_font_weight":"","ocean_menu_typo_font_weight_tablet":"","ocean_menu_typo_font_weight_mobile":"","ocean_menu_typo_transform":"","ocean_menu_typo_transform_tablet":"","ocean_menu_typo_transform_mobile":"","ocean_menu_typo_line_height":0,"ocean_menu_typo_line_height_tablet":0,"ocean_menu_typo_line_height_mobile":0,"ocean_menu_typo_line_height_unit":"","ocean_menu_typo_spacing":0,"ocean_menu_typo_spacing_tablet":0,"ocean_menu_typo_spacing_mobile":0,"ocean_menu_typo_spacing_unit":"","ocean_menu_link_color":"","ocean_menu_link_color_hover":"","ocean_menu_link_color_active":"","ocean_menu_link_background":"","ocean_menu_link_hover_background":"","ocean_menu_link_active_background":"","ocean_menu_social_links_bg":"","ocean_menu_social_hover_links_bg":"","ocean_menu_social_links_color":"","ocean_menu_social_hover_links_color":"","ocean_disable_title":"default","ocean_disable_heading":"default","ocean_post_title":"","ocean_post_subheading":"","ocean_post_title_style":"","ocean_post_title_background_color":"","ocean_post_title_background":0,"ocean_post_title_bg_image_position":"","ocean_post_title_bg_image_attachment":"","ocean_post_title_bg_image_repeat":"","ocean_post_title_bg_image_size":"","ocean_post_title_height":0,"ocean_post_title_bg_overlay":0.5,"ocean_post_title_bg_overlay_color":"","ocean_disable_breadcrumbs":"default","ocean_breadcrumbs_color":"","ocean_breadcrumbs_separator_color":"","ocean_breadcrumbs_links_color":"","ocean_breadcrumbs_links_hover_color":"","ocean_display_footer_widgets":"default","ocean_display_footer_bottom":"default","ocean_custom_footer_template":"","footnotes":""},"yoast_head":"<!-- This site is optimized with the Yoast SEO plugin v22.3 - https:\/\/yoast.com\/wordpress\/plugins\/seo\/ -->\n<title>Projets &#8226; Julien TARAN<\/title>\n<meta name=\"description\" content=\"Clips : PLK, Gazo, Kyan Khojandi || Publicit\u00e9s: The Running Collecive || Court-m\u00e9trage : Proph\u00e9tie\" \/>\n<meta name=\"robots\" content=\"index, follow, max-snippet:-1, max-image-preview:large, max-video-preview:-1\" \/>\n<link rel=\"canonical\" href=\"https:\/\/julientaran.com\/index.php\/commercials\/\" \/>\n<meta property=\"og:locale\" content=\"en_US\" \/>\n<meta property=\"og:type\" content=\"article\" \/>\n<meta property=\"og:title\" content=\"Projets &#8226; Julien TARAN\" \/>\n<meta property=\"og:description\" content=\"Clips : PLK, Gazo, Kyan Khojandi || Publicit\u00e9s: The Running Collecive || Court-m\u00e9trage : Proph\u00e9tie\" \/>\n<meta property=\"og:url\" content=\"https:\/\/julientaran.com\/index.php\/commercials\/\" \/>\n<meta property=\"og:site_name\" content=\"Julien TARAN\" \/>\n<meta property=\"article:modified_time\" content=\"2026-03-06T12:02:46+00:00\" \/>\n<meta property=\"og:image\" content=\"http:\/\/julientaran.com\/wp-content\/uploads\/2023\/11\/TRC-Picture-Only.png\" \/>\n<meta name=\"twitter:card\" content=\"summary_large_image\" \/>\n<meta name=\"twitter:label1\" content=\"Est. reading time\" \/>\n\t<meta name=\"twitter:data1\" content=\"1 minute\" \/>\n<script type=\"application\/ld+json\" class=\"yoast-schema-graph\">{\"@context\":\"https:\/\/schema.org\",\"@graph\":[{\"@type\":\"WebPage\",\"@id\":\"https:\/\/julientaran.com\/index.php\/commercials\/\",\"url\":\"https:\/\/julientaran.com\/index.php\/commercials\/\",\"name\":\"Projets &#8226; Julien TARAN\",\"isPartOf\":{\"@id\":\"https:\/\/julientaran.com\/#website\"},\"primaryImageOfPage\":{\"@id\":\"https:\/\/julientaran.com\/index.php\/commercials\/#primaryimage\"},\"image\":{\"@id\":\"https:\/\/julientaran.com\/index.php\/commercials\/#primaryimage\"},\"thumbnailUrl\":\"http:\/\/julientaran.com\/wp-content\/uploads\/2023\/11\/TRC-Picture-Only.png\",\"datePublished\":\"2026-03-06T12:02:24+00:00\",\"dateModified\":\"2026-03-06T12:02:46+00:00\",\"description\":\"Clips : PLK, Gazo, Kyan Khojandi || Publicit\u00e9s: The Running Collecive || Court-m\u00e9trage : Proph\u00e9tie\",\"breadcrumb\":{\"@id\":\"https:\/\/julientaran.com\/index.php\/commercials\/#breadcrumb\"},\"inLanguage\":\"en-US\",\"potentialAction\":[{\"@type\":\"ReadAction\",\"target\":[\"https:\/\/julientaran.com\/index.php\/commercials\/\"]}]},{\"@type\":\"ImageObject\",\"inLanguage\":\"en-US\",\"@id\":\"https:\/\/julientaran.com\/index.php\/commercials\/#primaryimage\",\"url\":\"https:\/\/julientaran.com\/wp-content\/uploads\/2023\/11\/TRC-Picture-Only.png\",\"contentUrl\":\"https:\/\/julientaran.com\/wp-content\/uploads\/2023\/11\/TRC-Picture-Only.png\",\"width\":825,\"height\":464},{\"@type\":\"BreadcrumbList\",\"@id\":\"https:\/\/julientaran.com\/index.php\/commercials\/#breadcrumb\",\"itemListElement\":[{\"@type\":\"ListItem\",\"position\":1,\"name\":\"Accueil\",\"item\":\"https:\/\/julientaran.com\/\"},{\"@type\":\"ListItem\",\"position\":2,\"name\":\"COMMERCIALS\"}]},{\"@type\":\"WebSite\",\"@id\":\"https:\/\/julientaran.com\/#website\",\"url\":\"https:\/\/julientaran.com\/\",\"name\":\"Julien TARAN\",\"description\":\"\",\"publisher\":{\"@id\":\"https:\/\/julientaran.com\/#organization\"},\"potentialAction\":[{\"@type\":\"SearchAction\",\"target\":{\"@type\":\"EntryPoint\",\"urlTemplate\":\"https:\/\/julientaran.com\/?s={search_term_string}\"},\"query-input\":\"required name=search_term_string\"}],\"inLanguage\":\"en-US\"},{\"@type\":\"Organization\",\"@id\":\"https:\/\/julientaran.com\/#organization\",\"name\":\"Julien TARAN\",\"url\":\"https:\/\/julientaran.com\/\",\"logo\":{\"@type\":\"ImageObject\",\"inLanguage\":\"en-US\",\"@id\":\"https:\/\/julientaran.com\/#\/schema\/logo\/image\/\",\"url\":\"http:\/\/julientaran.com\/wp-content\/uploads\/2023\/11\/cropped-Logo-Noir-1@60x-1.png\",\"contentUrl\":\"http:\/\/julientaran.com\/wp-content\/uploads\/2023\/11\/cropped-Logo-Noir-1@60x-1.png\",\"width\":99,\"height\":87,\"caption\":\"Julien TARAN\"},\"image\":{\"@id\":\"https:\/\/julientaran.com\/#\/schema\/logo\/image\/\"}}]}<\/script>\n<!-- \/ Yoast SEO plugin. -->","yoast_head_json":{"title":"Projets &#8226; Julien TARAN","description":"Clips : PLK, Gazo, Kyan Khojandi || Publicit\u00e9s: The Running Collecive || Court-m\u00e9trage : Proph\u00e9tie","robots":{"index":"index","follow":"follow","max-snippet":"max-snippet:-1","max-image-preview":"max-image-preview:large","max-video-preview":"max-video-preview:-1"},"canonical":"https:\/\/julientaran.com\/index.php\/commercials\/","og_locale":"en_US","og_type":"article","og_title":"Projets &#8226; Julien TARAN","og_description":"Clips : PLK, Gazo, Kyan Khojandi || Publicit\u00e9s: The Running Collecive || Court-m\u00e9trage : Proph\u00e9tie","og_url":"https:\/\/julientaran.com\/index.php\/commercials\/","og_site_name":"Julien TARAN","article_modified_time":"2026-03-06T12:02:46+00:00","og_image":[{"url":"http:\/\/julientaran.com\/wp-content\/uploads\/2023\/11\/TRC-Picture-Only.png"}],"twitter_card":"summary_large_image","twitter_misc":{"Est. reading time":"1 minute"},"schema":{"@context":"https:\/\/schema.org","@graph":[{"@type":"WebPage","@id":"https:\/\/julientaran.com\/index.php\/commercials\/","url":"https:\/\/julientaran.com\/index.php\/commercials\/","name":"Projets &#8226; Julien TARAN","isPartOf":{"@id":"https:\/\/julientaran.com\/#website"},"primaryImageOfPage":{"@id":"https:\/\/julientaran.com\/index.php\/commercials\/#primaryimage"},"image":{"@id":"https:\/\/julientaran.com\/index.php\/commercials\/#primaryimage"},"thumbnailUrl":"http:\/\/julientaran.com\/wp-content\/uploads\/2023\/11\/TRC-Picture-Only.png","datePublished":"2026-03-06T12:02:24+00:00","dateModified":"2026-03-06T12:02:46+00:00","description":"Clips : PLK, Gazo, Kyan Khojandi || Publicit\u00e9s: The Running Collecive || Court-m\u00e9trage : Proph\u00e9tie","breadcrumb":{"@id":"https:\/\/julientaran.com\/index.php\/commercials\/#breadcrumb"},"inLanguage":"en-US","potentialAction":[{"@type":"ReadAction","target":["https:\/\/julientaran.com\/index.php\/commercials\/"]}]},{"@type":"ImageObject","inLanguage":"en-US","@id":"https:\/\/julientaran.com\/index.php\/commercials\/#primaryimage","url":"https:\/\/julientaran.com\/wp-content\/uploads\/2023\/11\/TRC-Picture-Only.png","contentUrl":"https:\/\/julientaran.com\/wp-content\/uploads\/2023\/11\/TRC-Picture-Only.png","width":825,"height":464},{"@type":"BreadcrumbList","@id":"https:\/\/julientaran.com\/index.php\/commercials\/#breadcrumb","itemListElement":[{"@type":"ListItem","position":1,"name":"Accueil","item":"https:\/\/julientaran.com\/"},{"@type":"ListItem","position":2,"name":"COMMERCIALS"}]},{"@type":"WebSite","@id":"https:\/\/julientaran.com\/#website","url":"https:\/\/julientaran.com\/","name":"Julien TARAN","description":"","publisher":{"@id":"https:\/\/julientaran.com\/#organization"},"potentialAction":[{"@type":"SearchAction","target":{"@type":"EntryPoint","urlTemplate":"https:\/\/julientaran.com\/?s={search_term_string}"},"query-input":"required name=search_term_string"}],"inLanguage":"en-US"},{"@type":"Organization","@id":"https:\/\/julientaran.com\/#organization","name":"Julien TARAN","url":"https:\/\/julientaran.com\/","logo":{"@type":"ImageObject","inLanguage":"en-US","@id":"https:\/\/julientaran.com\/#\/schema\/logo\/image\/","url":"http:\/\/julientaran.com\/wp-content\/uploads\/2023\/11\/cropped-Logo-Noir-1@60x-1.png","contentUrl":"http:\/\/julientaran.com\/wp-content\/uploads\/2023\/11\/cropped-Logo-Noir-1@60x-1.png","width":99,"height":87,"caption":"Julien TARAN"},"image":{"@id":"https:\/\/julientaran.com\/#\/schema\/logo\/image\/"}}]}},"_links":{"self":[{"href":"https:\/\/julientaran.com\/index.php\/wp-json\/wp\/v2\/pages\/1411"}],"collection":[{"href":"https:\/\/julientaran.com\/index.php\/wp-json\/wp\/v2\/pages"}],"about":[{"href":"https:\/\/julientaran.com\/index.php\/wp-json\/wp\/v2\/types\/page"}],"author":[{"embeddable":true,"href":"https:\/\/julientaran.com\/index.php\/wp-json\/wp\/v2\/users\/1"}],"replies":[{"embeddable":true,"href":"https:\/\/julientaran.com\/index.php\/wp-json\/wp\/v2\/comments?post=1411"}],"version-history":[{"count":5,"href":"https:\/\/julientaran.com\/index.php\/wp-json\/wp\/v2\/pages\/1411\/revisions"}],"predecessor-version":[{"id":1445,"href":"https:\/\/julientaran.com\/index.php\/wp-json\/wp\/v2\/pages\/1411\/revisions\/1445"}],"wp:attachment":[{"href":"https:\/\/julientaran.com\/index.php\/wp-json\/wp\/v2\/media?parent=1411"}],"curies":[{"name":"wp","href":"https:\/\/api.w.org\/{rel}","templated":true}]}}