{"id":1382,"date":"2026-03-06T12:26:32","date_gmt":"2026-03-06T11:26:32","guid":{"rendered":"https:\/\/julientaran.com\/?page_id=1382"},"modified":"2026-03-06T13:47:59","modified_gmt":"2026-03-06T12:47:59","slug":"music","status":"publish","type":"page","link":"https:\/\/julientaran.com\/index.php\/music\/","title":{"rendered":"MUSIQUE"},"content":{"rendered":"\t\t<div data-elementor-type=\"wp-page\" data-elementor-id=\"1382\" class=\"elementor elementor-1382\">\n\t\t\t\t<div class=\"elementor-element elementor-element-b6216c7 e-flex e-con-boxed wpr-particle-no wpr-jarallax-no wpr-parallax-no wpr-sticky-section-no e-con e-parent\" data-id=\"b6216c7\" data-element_type=\"container\">\n\t\t\t\t\t<div class=\"e-con-inner\">\n\t\t\t\t<div class=\"elementor-element elementor-element-258d36e elementor-widget elementor-widget-heading\" data-id=\"258d36e\" data-element_type=\"widget\" data-widget_type=\"heading.default\">\n\t\t\t\t<div class=\"elementor-widget-container\">\n\t\t\t\t\t<h1 class=\"elementor-heading-title elementor-size-default\">MUSIQUE<\/h1>\t\t\t\t<\/div>\n\t\t\t\t<\/div>\n\t\t\t\t\t<\/div>\n\t\t\t\t<\/div>\n\t\t<div class=\"elementor-element elementor-element-7ae316d e-flex e-con-boxed wpr-particle-no wpr-jarallax-no wpr-parallax-no wpr-sticky-section-no e-con e-parent\" data-id=\"7ae316d\" data-element_type=\"container\">\n\t\t\t\t\t<div class=\"e-con-inner\">\n\t\t<div class=\"elementor-element elementor-element-944296c e-con-full e-flex wpr-particle-no wpr-jarallax-no wpr-parallax-no wpr-sticky-section-no e-con e-child\" data-id=\"944296c\" data-element_type=\"container\">\n\t\t\t\t<div class=\"elementor-element elementor-element-356f7d0 elementor-widget elementor-widget-image\" data-id=\"356f7d0\" data-element_type=\"widget\" data-widget_type=\"image.default\">\n\t\t\t\t<div class=\"elementor-widget-container\">\n\t\t\t\t\t\t\t\t\t\t\t\t<figure class=\"wp-caption\">\n\t\t\t\t\t\t\t\t\t\t\t<a href=\"https:\/\/julientaran.com\/index.php\/sch\">\n\t\t\t\t\t\t\t<img fetchpriority=\"high\" decoding=\"async\" width=\"686\" height=\"386\" src=\"https:\/\/julientaran.com\/wp-content\/uploads\/2024\/11\/SCH.jpg\" class=\"attachment-large size-large wp-image-1278\" alt=\"\" srcset=\"https:\/\/julientaran.com\/wp-content\/uploads\/2024\/11\/SCH.jpg 686w, https:\/\/julientaran.com\/wp-content\/uploads\/2024\/11\/SCH-300x169.jpg 300w\" sizes=\"(max-width: 686px) 100vw, 686px\" \/>\t\t\t\t\t\t\t\t<\/a>\n\t\t\t\t\t\t\t\t\t\t\t<figcaption class=\"widget-image-caption wp-caption-text\">2e assistant r\u00e9alisateur - SCH - Stigmates (2024)<\/figcaption>\n\t\t\t\t\t\t\t\t\t\t<\/figure>\n\t\t\t\t\t\t\t\t\t<\/div>\n\t\t\t\t<\/div>\n\t\t\t\t<div class=\"elementor-element elementor-element-e475d4a elementor-widget elementor-widget-image\" data-id=\"e475d4a\" data-element_type=\"widget\" data-widget_type=\"image.default\">\n\t\t\t\t<div class=\"elementor-widget-container\">\n\t\t\t\t\t\t\t\t\t\t\t\t<figure class=\"wp-caption\">\n\t\t\t\t\t\t\t\t\t\t\t<a href=\"https:\/\/julientaran.com\/index.php\/plk_gazo\">\n\t\t\t\t\t\t\t<img decoding=\"async\" width=\"1024\" height=\"768\" src=\"https:\/\/julientaran.com\/wp-content\/uploads\/2024\/01\/Capture-decran-2024-01-22-141812-1024x768.png\" class=\"attachment-large size-large wp-image-878\" alt=\"\" srcset=\"https:\/\/julientaran.com\/wp-content\/uploads\/2024\/01\/Capture-decran-2024-01-22-141812-1024x768.png 1024w, https:\/\/julientaran.com\/wp-content\/uploads\/2024\/01\/Capture-decran-2024-01-22-141812-300x225.png 300w, https:\/\/julientaran.com\/wp-content\/uploads\/2024\/01\/Capture-decran-2024-01-22-141812-768x576.png 768w, https:\/\/julientaran.com\/wp-content\/uploads\/2024\/01\/Capture-decran-2024-01-22-141812.png 1440w\" sizes=\"(max-width: 1024px) 100vw, 1024px\" \/>\t\t\t\t\t\t\t\t<\/a>\n\t\t\t\t\t\t\t\t\t\t\t<figcaption class=\"widget-image-caption wp-caption-text\">Assistant de production et photographe - PLK ft Gazo - Ca m\u00e8ne \u00e0 rien (2024)<\/figcaption>\n\t\t\t\t\t\t\t\t\t\t<\/figure>\n\t\t\t\t\t\t\t\t\t<\/div>\n\t\t\t\t<\/div>\n\t\t\t\t<\/div>\n\t\t<div class=\"elementor-element elementor-element-29b5f7b e-con-full e-flex wpr-particle-no wpr-jarallax-no wpr-parallax-no wpr-sticky-section-no e-con e-child\" data-id=\"29b5f7b\" data-element_type=\"container\">\n\t\t\t\t<div class=\"elementor-element elementor-element-4e4f78c elementor-widget elementor-widget-image\" data-id=\"4e4f78c\" data-element_type=\"widget\" data-widget_type=\"image.default\">\n\t\t\t\t<div class=\"elementor-widget-container\">\n\t\t\t\t\t\t\t\t\t\t\t\t<figure class=\"wp-caption\">\n\t\t\t\t\t\t\t\t\t\t\t<a href=\"https:\/\/julientaran.com\/index.php\/plk_periph\">\n\t\t\t\t\t\t\t<img decoding=\"async\" width=\"1024\" height=\"768\" src=\"https:\/\/julientaran.com\/wp-content\/uploads\/2023\/12\/Capture-decran-2023-12-27-185726-1024x768.png\" class=\"attachment-large size-large wp-image-712\" alt=\"\" srcset=\"https:\/\/julientaran.com\/wp-content\/uploads\/2023\/12\/Capture-decran-2023-12-27-185726-1024x768.png 1024w, https:\/\/julientaran.com\/wp-content\/uploads\/2023\/12\/Capture-decran-2023-12-27-185726-300x225.png 300w, https:\/\/julientaran.com\/wp-content\/uploads\/2023\/12\/Capture-decran-2023-12-27-185726-768x576.png 768w, https:\/\/julientaran.com\/wp-content\/uploads\/2023\/12\/Capture-decran-2023-12-27-185726.png 1271w\" sizes=\"(max-width: 1024px) 100vw, 1024px\" \/>\t\t\t\t\t\t\t\t<\/a>\n\t\t\t\t\t\t\t\t\t\t\t<figcaption class=\"widget-image-caption wp-caption-text\">Cadreur plans de coupe - PLK - P\u00e9riph (2023)<\/figcaption>\n\t\t\t\t\t\t\t\t\t\t<\/figure>\n\t\t\t\t\t\t\t\t\t<\/div>\n\t\t\t\t<\/div>\n\t\t\t\t<div class=\"elementor-element elementor-element-e160317 elementor-widget elementor-widget-image\" data-id=\"e160317\" data-element_type=\"widget\" data-widget_type=\"image.default\">\n\t\t\t\t<div class=\"elementor-widget-container\">\n\t\t\t\t\t\t\t\t\t\t\t\t<figure class=\"wp-caption\">\n\t\t\t\t\t\t\t\t\t\t<img loading=\"lazy\" decoding=\"async\" width=\"1024\" height=\"768\" src=\"https:\/\/julientaran.com\/wp-content\/uploads\/2024\/10\/vernis-rouge-amere-1024x768.jpg\" class=\"attachment-large size-large wp-image-1244\" alt=\"\" srcset=\"https:\/\/julientaran.com\/wp-content\/uploads\/2024\/10\/vernis-rouge-amere-1024x768.jpg 1024w, https:\/\/julientaran.com\/wp-content\/uploads\/2024\/10\/vernis-rouge-amere-300x225.jpg 300w, https:\/\/julientaran.com\/wp-content\/uploads\/2024\/10\/vernis-rouge-amere-768x576.jpg 768w, https:\/\/julientaran.com\/wp-content\/uploads\/2024\/10\/vernis-rouge-amere.jpg 1200w\" sizes=\"(max-width: 1024px) 100vw, 1024px\" \/>\t\t\t\t\t\t\t\t\t\t\t<figcaption class=\"widget-image-caption wp-caption-text\">Assistant de production - Vernis Rouge - Am\u00e8re (2024)<\/figcaption>\n\t\t\t\t\t\t\t\t\t\t<\/figure>\n\t\t\t\t\t\t\t\t\t<\/div>\n\t\t\t\t<\/div>\n\t\t<div class=\"elementor-element elementor-element-f168811 e-con-full e-flex wpr-particle-no wpr-jarallax-no wpr-parallax-no wpr-sticky-section-no e-con e-child\" data-id=\"f168811\" data-element_type=\"container\">\n\t\t\t\t<div class=\"elementor-element elementor-element-49293f3 elementor-widget elementor-widget-image\" data-id=\"49293f3\" data-element_type=\"widget\" data-widget_type=\"image.default\">\n\t\t\t\t<div class=\"elementor-widget-container\">\n\t\t\t\t\t\t\t\t\t\t\t\t<figure class=\"wp-caption\">\n\t\t\t\t\t\t\t\t\t\t<img loading=\"lazy\" decoding=\"async\" width=\"1024\" height=\"575\" src=\"https:\/\/julientaran.com\/wp-content\/uploads\/2024\/10\/Capture-decran-2024-10-10-135700-1024x575.png\" class=\"attachment-large size-large wp-image-1249\" alt=\"\" srcset=\"https:\/\/julientaran.com\/wp-content\/uploads\/2024\/10\/Capture-decran-2024-10-10-135700-1024x575.png 1024w, https:\/\/julientaran.com\/wp-content\/uploads\/2024\/10\/Capture-decran-2024-10-10-135700-300x168.png 300w, https:\/\/julientaran.com\/wp-content\/uploads\/2024\/10\/Capture-decran-2024-10-10-135700-768x431.png 768w, https:\/\/julientaran.com\/wp-content\/uploads\/2024\/10\/Capture-decran-2024-10-10-135700-800x450.png 800w, https:\/\/julientaran.com\/wp-content\/uploads\/2024\/10\/Capture-decran-2024-10-10-135700.png 1112w\" sizes=\"(max-width: 1024px) 100vw, 1024px\" \/>\t\t\t\t\t\t\t\t\t\t\t<figcaption class=\"widget-image-caption wp-caption-text\">Assistant de production - Merveille - Citadelle (2024)<\/figcaption>\n\t\t\t\t\t\t\t\t\t\t<\/figure>\n\t\t\t\t\t\t\t\t\t<\/div>\n\t\t\t\t<\/div>\n\t\t<div class=\"elementor-element elementor-element-60b2927 e-con-full e-flex wpr-particle-no wpr-jarallax-no wpr-parallax-no wpr-sticky-section-no e-con e-child\" data-id=\"60b2927\" data-element_type=\"container\">\n\t\t\t\t<div class=\"elementor-element elementor-element-76aa383 elementor-widget elementor-widget-image\" data-id=\"76aa383\" data-element_type=\"widget\" data-widget_type=\"image.default\">\n\t\t\t\t<div class=\"elementor-widget-container\">\n\t\t\t\t\t\t\t\t\t\t\t\t<figure class=\"wp-caption\">\n\t\t\t\t\t\t\t\t\t\t\t<a href=\"https:\/\/julientaran.com\/index.php\/kyan_khojandi\">\n\t\t\t\t\t\t\t<img loading=\"lazy\" decoding=\"async\" width=\"1024\" height=\"768\" src=\"https:\/\/julientaran.com\/wp-content\/uploads\/2023\/12\/Capture-decran-2023-12-27-194429-1024x768.png\" class=\"attachment-large size-large wp-image-713\" alt=\"\" srcset=\"https:\/\/julientaran.com\/wp-content\/uploads\/2023\/12\/Capture-decran-2023-12-27-194429-1024x768.png 1024w, https:\/\/julientaran.com\/wp-content\/uploads\/2023\/12\/Capture-decran-2023-12-27-194429-300x225.png 300w, https:\/\/julientaran.com\/wp-content\/uploads\/2023\/12\/Capture-decran-2023-12-27-194429-768x576.png 768w, https:\/\/julientaran.com\/wp-content\/uploads\/2023\/12\/Capture-decran-2023-12-27-194429.png 1268w\" sizes=\"(max-width: 1024px) 100vw, 1024px\" \/>\t\t\t\t\t\t\t\t<\/a>\n\t\t\t\t\t\t\t\t\t\t\t<figcaption class=\"widget-image-caption wp-caption-text\">Assistant R\u00e9gie - KYAN KHOJANDI - Haagen Dazs &amp; J'te D\u00e9teste (2021)<\/figcaption>\n\t\t\t\t\t\t\t\t\t\t<\/figure>\n\t\t\t\t\t\t\t\t\t<\/div>\n\t\t\t\t<\/div>\n\t\t\t\t<\/div>\n\t\t\t\t<\/div>\n\t\t\t\t<\/div>\n\t\t\t\t\t<\/div>\n\t\t\t\t<\/div>\n\t\t\t\t<\/div>\n\t\t","protected":false},"excerpt":{"rendered":"<p>MUSIQUE 2e assistant r\u00e9alisateur &#8211; SCH &#8211; Stigmates (2024) Assistant de production et photographe &#8211; PLK ft Gazo &#8211; Ca m\u00e8ne \u00e0 rien (2024) Cadreur plans de coupe &#8211; PLK &#8211; P\u00e9riph (2023) Assistant de production &#8211; Vernis Rouge &#8211; Am\u00e8re (2024) Assistant de production &#8211; Merveille &#8211; Citadelle (2024) Assistant R\u00e9gie &#8211; KYAN KHOJANDI &#8211; Haagen Dazs &amp; J&#8217;te D\u00e9teste (2021)<\/p>\n","protected":false},"author":1,"featured_media":0,"parent":0,"menu_order":0,"comment_status":"closed","ping_status":"closed","template":"","meta":{"_monsterinsights_skip_tracking":false,"_monsterinsights_sitenote_active":false,"_monsterinsights_sitenote_note":"","_monsterinsights_sitenote_category":0,"ocean_post_layout":"","ocean_both_sidebars_style":"","ocean_both_sidebars_content_width":0,"ocean_both_sidebars_sidebars_width":0,"ocean_sidebar":"","ocean_second_sidebar":"","ocean_disable_margins":"enable","ocean_add_body_class":"","ocean_shortcode_before_top_bar":"","ocean_shortcode_after_top_bar":"","ocean_shortcode_before_header":"","ocean_shortcode_after_header":"","ocean_has_shortcode":"","ocean_shortcode_after_title":"","ocean_shortcode_before_footer_widgets":"","ocean_shortcode_after_footer_widgets":"","ocean_shortcode_before_footer_bottom":"","ocean_shortcode_after_footer_bottom":"","ocean_display_top_bar":"default","ocean_display_header":"default","ocean_header_style":"","ocean_center_header_left_menu":"","ocean_custom_header_template":"","ocean_custom_logo":0,"ocean_custom_retina_logo":0,"ocean_custom_logo_max_width":0,"ocean_custom_logo_tablet_max_width":0,"ocean_custom_logo_mobile_max_width":0,"ocean_custom_logo_max_height":0,"ocean_custom_logo_tablet_max_height":0,"ocean_custom_logo_mobile_max_height":0,"ocean_header_custom_menu":"","ocean_menu_typo_font_family":"","ocean_menu_typo_font_subset":"","ocean_menu_typo_font_size":0,"ocean_menu_typo_font_size_tablet":0,"ocean_menu_typo_font_size_mobile":0,"ocean_menu_typo_font_size_unit":"px","ocean_menu_typo_font_weight":"","ocean_menu_typo_font_weight_tablet":"","ocean_menu_typo_font_weight_mobile":"","ocean_menu_typo_transform":"","ocean_menu_typo_transform_tablet":"","ocean_menu_typo_transform_mobile":"","ocean_menu_typo_line_height":0,"ocean_menu_typo_line_height_tablet":0,"ocean_menu_typo_line_height_mobile":0,"ocean_menu_typo_line_height_unit":"","ocean_menu_typo_spacing":0,"ocean_menu_typo_spacing_tablet":0,"ocean_menu_typo_spacing_mobile":0,"ocean_menu_typo_spacing_unit":"","ocean_menu_link_color":"","ocean_menu_link_color_hover":"","ocean_menu_link_color_active":"","ocean_menu_link_background":"","ocean_menu_link_hover_background":"","ocean_menu_link_active_background":"","ocean_menu_social_links_bg":"","ocean_menu_social_hover_links_bg":"","ocean_menu_social_links_color":"","ocean_menu_social_hover_links_color":"","ocean_disable_title":"default","ocean_disable_heading":"default","ocean_post_title":"","ocean_post_subheading":"","ocean_post_title_style":"","ocean_post_title_background_color":"","ocean_post_title_background":0,"ocean_post_title_bg_image_position":"","ocean_post_title_bg_image_attachment":"","ocean_post_title_bg_image_repeat":"","ocean_post_title_bg_image_size":"","ocean_post_title_height":0,"ocean_post_title_bg_overlay":0.5,"ocean_post_title_bg_overlay_color":"","ocean_disable_breadcrumbs":"default","ocean_breadcrumbs_color":"","ocean_breadcrumbs_separator_color":"","ocean_breadcrumbs_links_color":"","ocean_breadcrumbs_links_hover_color":"","ocean_display_footer_widgets":"default","ocean_display_footer_bottom":"default","ocean_custom_footer_template":"","footnotes":""},"yoast_head":"<!-- This site is optimized with the Yoast SEO plugin v22.3 - https:\/\/yoast.com\/wordpress\/plugins\/seo\/ -->\n<title>Projets &#8226; Julien TARAN<\/title>\n<meta name=\"description\" content=\"Clips : PLK, Gazo, Kyan Khojandi || Publicit\u00e9s: The Running Collecive || Court-m\u00e9trage : Proph\u00e9tie\" \/>\n<meta name=\"robots\" content=\"index, follow, max-snippet:-1, max-image-preview:large, max-video-preview:-1\" \/>\n<link rel=\"canonical\" href=\"https:\/\/julientaran.com\/index.php\/music\/\" \/>\n<meta property=\"og:locale\" content=\"en_US\" \/>\n<meta property=\"og:type\" content=\"article\" \/>\n<meta property=\"og:title\" content=\"Projets &#8226; Julien TARAN\" \/>\n<meta property=\"og:description\" content=\"Clips : PLK, Gazo, Kyan Khojandi || Publicit\u00e9s: The Running Collecive || Court-m\u00e9trage : Proph\u00e9tie\" \/>\n<meta property=\"og:url\" content=\"https:\/\/julientaran.com\/index.php\/music\/\" \/>\n<meta property=\"og:site_name\" content=\"Julien TARAN\" \/>\n<meta property=\"article:modified_time\" content=\"2026-03-06T12:47:59+00:00\" \/>\n<meta property=\"og:image\" content=\"http:\/\/julientaran.com\/wp-content\/uploads\/2024\/11\/SCH.jpg\" \/>\n<meta name=\"twitter:card\" content=\"summary_large_image\" \/>\n<meta name=\"twitter:label1\" content=\"Est. reading time\" \/>\n\t<meta name=\"twitter:data1\" content=\"2 minutes\" \/>\n<script type=\"application\/ld+json\" class=\"yoast-schema-graph\">{\"@context\":\"https:\/\/schema.org\",\"@graph\":[{\"@type\":\"WebPage\",\"@id\":\"https:\/\/julientaran.com\/index.php\/music\/\",\"url\":\"https:\/\/julientaran.com\/index.php\/music\/\",\"name\":\"Projets &#8226; Julien TARAN\",\"isPartOf\":{\"@id\":\"https:\/\/julientaran.com\/#website\"},\"primaryImageOfPage\":{\"@id\":\"https:\/\/julientaran.com\/index.php\/music\/#primaryimage\"},\"image\":{\"@id\":\"https:\/\/julientaran.com\/index.php\/music\/#primaryimage\"},\"thumbnailUrl\":\"http:\/\/julientaran.com\/wp-content\/uploads\/2024\/11\/SCH.jpg\",\"datePublished\":\"2026-03-06T11:26:32+00:00\",\"dateModified\":\"2026-03-06T12:47:59+00:00\",\"description\":\"Clips : PLK, Gazo, Kyan Khojandi || Publicit\u00e9s: The Running Collecive || Court-m\u00e9trage : Proph\u00e9tie\",\"breadcrumb\":{\"@id\":\"https:\/\/julientaran.com\/index.php\/music\/#breadcrumb\"},\"inLanguage\":\"en-US\",\"potentialAction\":[{\"@type\":\"ReadAction\",\"target\":[\"https:\/\/julientaran.com\/index.php\/music\/\"]}]},{\"@type\":\"ImageObject\",\"inLanguage\":\"en-US\",\"@id\":\"https:\/\/julientaran.com\/index.php\/music\/#primaryimage\",\"url\":\"https:\/\/julientaran.com\/wp-content\/uploads\/2024\/11\/SCH.jpg\",\"contentUrl\":\"https:\/\/julientaran.com\/wp-content\/uploads\/2024\/11\/SCH.jpg\",\"width\":686,\"height\":386},{\"@type\":\"BreadcrumbList\",\"@id\":\"https:\/\/julientaran.com\/index.php\/music\/#breadcrumb\",\"itemListElement\":[{\"@type\":\"ListItem\",\"position\":1,\"name\":\"Accueil\",\"item\":\"https:\/\/julientaran.com\/\"},{\"@type\":\"ListItem\",\"position\":2,\"name\":\"MUSIQUE\"}]},{\"@type\":\"WebSite\",\"@id\":\"https:\/\/julientaran.com\/#website\",\"url\":\"https:\/\/julientaran.com\/\",\"name\":\"Julien TARAN\",\"description\":\"\",\"publisher\":{\"@id\":\"https:\/\/julientaran.com\/#organization\"},\"potentialAction\":[{\"@type\":\"SearchAction\",\"target\":{\"@type\":\"EntryPoint\",\"urlTemplate\":\"https:\/\/julientaran.com\/?s={search_term_string}\"},\"query-input\":\"required name=search_term_string\"}],\"inLanguage\":\"en-US\"},{\"@type\":\"Organization\",\"@id\":\"https:\/\/julientaran.com\/#organization\",\"name\":\"Julien TARAN\",\"url\":\"https:\/\/julientaran.com\/\",\"logo\":{\"@type\":\"ImageObject\",\"inLanguage\":\"en-US\",\"@id\":\"https:\/\/julientaran.com\/#\/schema\/logo\/image\/\",\"url\":\"http:\/\/julientaran.com\/wp-content\/uploads\/2023\/11\/cropped-Logo-Noir-1@60x-1.png\",\"contentUrl\":\"http:\/\/julientaran.com\/wp-content\/uploads\/2023\/11\/cropped-Logo-Noir-1@60x-1.png\",\"width\":99,\"height\":87,\"caption\":\"Julien TARAN\"},\"image\":{\"@id\":\"https:\/\/julientaran.com\/#\/schema\/logo\/image\/\"}}]}<\/script>\n<!-- \/ Yoast SEO plugin. -->","yoast_head_json":{"title":"Projets &#8226; Julien TARAN","description":"Clips : PLK, Gazo, Kyan Khojandi || Publicit\u00e9s: The Running Collecive || Court-m\u00e9trage : Proph\u00e9tie","robots":{"index":"index","follow":"follow","max-snippet":"max-snippet:-1","max-image-preview":"max-image-preview:large","max-video-preview":"max-video-preview:-1"},"canonical":"https:\/\/julientaran.com\/index.php\/music\/","og_locale":"en_US","og_type":"article","og_title":"Projets &#8226; Julien TARAN","og_description":"Clips : PLK, Gazo, Kyan Khojandi || Publicit\u00e9s: The Running Collecive || Court-m\u00e9trage : Proph\u00e9tie","og_url":"https:\/\/julientaran.com\/index.php\/music\/","og_site_name":"Julien TARAN","article_modified_time":"2026-03-06T12:47:59+00:00","og_image":[{"url":"http:\/\/julientaran.com\/wp-content\/uploads\/2024\/11\/SCH.jpg"}],"twitter_card":"summary_large_image","twitter_misc":{"Est. reading time":"2 minutes"},"schema":{"@context":"https:\/\/schema.org","@graph":[{"@type":"WebPage","@id":"https:\/\/julientaran.com\/index.php\/music\/","url":"https:\/\/julientaran.com\/index.php\/music\/","name":"Projets &#8226; Julien TARAN","isPartOf":{"@id":"https:\/\/julientaran.com\/#website"},"primaryImageOfPage":{"@id":"https:\/\/julientaran.com\/index.php\/music\/#primaryimage"},"image":{"@id":"https:\/\/julientaran.com\/index.php\/music\/#primaryimage"},"thumbnailUrl":"http:\/\/julientaran.com\/wp-content\/uploads\/2024\/11\/SCH.jpg","datePublished":"2026-03-06T11:26:32+00:00","dateModified":"2026-03-06T12:47:59+00:00","description":"Clips : PLK, Gazo, Kyan Khojandi || Publicit\u00e9s: The Running Collecive || Court-m\u00e9trage : Proph\u00e9tie","breadcrumb":{"@id":"https:\/\/julientaran.com\/index.php\/music\/#breadcrumb"},"inLanguage":"en-US","potentialAction":[{"@type":"ReadAction","target":["https:\/\/julientaran.com\/index.php\/music\/"]}]},{"@type":"ImageObject","inLanguage":"en-US","@id":"https:\/\/julientaran.com\/index.php\/music\/#primaryimage","url":"https:\/\/julientaran.com\/wp-content\/uploads\/2024\/11\/SCH.jpg","contentUrl":"https:\/\/julientaran.com\/wp-content\/uploads\/2024\/11\/SCH.jpg","width":686,"height":386},{"@type":"BreadcrumbList","@id":"https:\/\/julientaran.com\/index.php\/music\/#breadcrumb","itemListElement":[{"@type":"ListItem","position":1,"name":"Accueil","item":"https:\/\/julientaran.com\/"},{"@type":"ListItem","position":2,"name":"MUSIQUE"}]},{"@type":"WebSite","@id":"https:\/\/julientaran.com\/#website","url":"https:\/\/julientaran.com\/","name":"Julien TARAN","description":"","publisher":{"@id":"https:\/\/julientaran.com\/#organization"},"potentialAction":[{"@type":"SearchAction","target":{"@type":"EntryPoint","urlTemplate":"https:\/\/julientaran.com\/?s={search_term_string}"},"query-input":"required name=search_term_string"}],"inLanguage":"en-US"},{"@type":"Organization","@id":"https:\/\/julientaran.com\/#organization","name":"Julien TARAN","url":"https:\/\/julientaran.com\/","logo":{"@type":"ImageObject","inLanguage":"en-US","@id":"https:\/\/julientaran.com\/#\/schema\/logo\/image\/","url":"http:\/\/julientaran.com\/wp-content\/uploads\/2023\/11\/cropped-Logo-Noir-1@60x-1.png","contentUrl":"http:\/\/julientaran.com\/wp-content\/uploads\/2023\/11\/cropped-Logo-Noir-1@60x-1.png","width":99,"height":87,"caption":"Julien TARAN"},"image":{"@id":"https:\/\/julientaran.com\/#\/schema\/logo\/image\/"}}]}},"_links":{"self":[{"href":"https:\/\/julientaran.com\/index.php\/wp-json\/wp\/v2\/pages\/1382"}],"collection":[{"href":"https:\/\/julientaran.com\/index.php\/wp-json\/wp\/v2\/pages"}],"about":[{"href":"https:\/\/julientaran.com\/index.php\/wp-json\/wp\/v2\/types\/page"}],"author":[{"embeddable":true,"href":"https:\/\/julientaran.com\/index.php\/wp-json\/wp\/v2\/users\/1"}],"replies":[{"embeddable":true,"href":"https:\/\/julientaran.com\/index.php\/wp-json\/wp\/v2\/comments?post=1382"}],"version-history":[{"count":4,"href":"https:\/\/julientaran.com\/index.php\/wp-json\/wp\/v2\/pages\/1382\/revisions"}],"predecessor-version":[{"id":1386,"href":"https:\/\/julientaran.com\/index.php\/wp-json\/wp\/v2\/pages\/1382\/revisions\/1386"}],"wp:attachment":[{"href":"https:\/\/julientaran.com\/index.php\/wp-json\/wp\/v2\/media?parent=1382"}],"curies":[{"name":"wp","href":"https:\/\/api.w.org\/{rel}","templated":true}]}}