{"id":1166,"date":"2024-06-20T18:44:46","date_gmt":"2024-06-20T16:44:46","guid":{"rendered":"https:\/\/julientaran.com\/?page_id=1166"},"modified":"2024-07-09T17:55:21","modified_gmt":"2024-07-09T15:55:21","slug":"10k-adidas","status":"publish","type":"page","link":"https:\/\/julientaran.com\/index.php\/10k-adidas\/","title":{"rendered":"10k Adidas"},"content":{"rendered":"\t\t<div data-elementor-type=\"wp-page\" data-elementor-id=\"1166\" class=\"elementor elementor-1166\">\n\t\t\t\t<div class=\"elementor-element elementor-element-15f7d84 e-flex e-con-boxed wpr-particle-no wpr-jarallax-no wpr-parallax-no wpr-sticky-section-no e-con e-parent\" data-id=\"15f7d84\" data-element_type=\"container\">\n\t\t\t\t\t<div class=\"e-con-inner\">\n\t\t<div class=\"elementor-element elementor-element-f6ebae5 e-con-full e-flex wpr-particle-no wpr-jarallax-no wpr-parallax-no wpr-sticky-section-no e-con e-child\" data-id=\"f6ebae5\" data-element_type=\"container\">\n\t\t\t\t<div class=\"elementor-element elementor-element-e4074a8 elementor-widget elementor-widget-video\" data-id=\"e4074a8\" data-element_type=\"widget\" data-settings=\"{&quot;video_type&quot;:&quot;hosted&quot;,&quot;autoplay&quot;:&quot;yes&quot;,&quot;play_on_mobile&quot;:&quot;yes&quot;,&quot;loop&quot;:&quot;yes&quot;}\" data-widget_type=\"video.default\">\n\t\t\t\t<div class=\"elementor-widget-container\">\n\t\t\t\t\t\t\t<div class=\"e-hosted-video elementor-wrapper elementor-open-inline\">\n\t\t\t\t\t<video class=\"elementor-video\" src=\"http:\/\/julientaran.com\/wp-content\/uploads\/2024\/06\/10k-adidas.mp4\" autoplay=\"\" loop=\"\" playsinline=\"\" controlsList=\"nodownload\"><\/video>\n\t\t\t\t<\/div>\n\t\t\t\t\t\t<\/div>\n\t\t\t\t<\/div>\n\t\t\t\t<\/div>\n\t\t\t\t\t<\/div>\n\t\t\t\t<\/div>\n\t\t<div class=\"elementor-element elementor-element-9c33e04 e-flex e-con-boxed wpr-particle-no wpr-jarallax-no wpr-parallax-no wpr-sticky-section-no e-con e-parent\" data-id=\"9c33e04\" data-element_type=\"container\">\n\t\t\t\t\t<div class=\"e-con-inner\">\n\t\t<div class=\"elementor-element elementor-element-7df0359 e-con-full e-flex wpr-particle-no wpr-jarallax-no wpr-parallax-no wpr-sticky-section-no e-con e-child\" data-id=\"7df0359\" data-element_type=\"container\">\n\t\t<div class=\"elementor-element elementor-element-fb28775 e-flex e-con-boxed wpr-particle-no wpr-jarallax-no wpr-parallax-no wpr-sticky-section-no e-con e-child\" data-id=\"fb28775\" data-element_type=\"container\">\n\t\t\t\t\t<div class=\"e-con-inner\">\n\t\t<div class=\"elementor-element elementor-element-09560f7 e-con-full e-flex wpr-particle-no wpr-jarallax-no wpr-parallax-no wpr-sticky-section-no e-con e-child\" data-id=\"09560f7\" data-element_type=\"container\">\n\t\t\t\t<div class=\"elementor-element elementor-element-e4ff342 elementor-widget elementor-widget-heading\" data-id=\"e4ff342\" data-element_type=\"widget\" data-widget_type=\"heading.default\">\n\t\t\t\t<div class=\"elementor-widget-container\">\n\t\t\t\t\t<h1 class=\"elementor-heading-title elementor-size-default\"><span>ADIDAS 10K PARIS<\/span><\/h1>\t\t\t\t<\/div>\n\t\t\t\t<\/div>\n\t\t\t\t<div class=\"elementor-element elementor-element-7e04efd elementor-widget elementor-widget-text-editor\" data-id=\"7e04efd\" data-element_type=\"widget\" data-widget_type=\"text-editor.default\">\n\t\t\t\t<div class=\"elementor-widget-container\">\n\t\t\t\t\t\t\t\t\t<p>CADREUR<\/p>\t\t\t\t\t\t\t\t<\/div>\n\t\t\t\t<\/div>\n\t\t\t\t<\/div>\n\t\t\t\t<div class=\"elementor-element elementor-element-89fc4ef elementor-widget elementor-widget-text-editor\" data-id=\"89fc4ef\" data-element_type=\"widget\" data-widget_type=\"text-editor.default\">\n\t\t\t\t<div class=\"elementor-widget-container\">\n\t\t\t\t\t\t\t\t\t<p>Le collectif TRC &#8211; The Running Collective a eu pour mission de mener l&#8217;allure lors de cet \u00e9v\u00e8nement organis\u00e9 par Adidas. Leur objectif: maintenir le rythme \u00e0 la seconde pr\u00e8s pour&nbsp; pour les participants \u00e0 cette course de 10 kilom\u00e8tres dans les rues de Paris.&nbsp;<\/p>\n<p>Une vraie course contre la montre pour r\u00e9ussir \u00e0 filmer, avec un stabilisateur et une cam\u00e9ra \u00e0 bout de bras, les diff\u00e9rents moments cl\u00e9s de la course. La vid\u00e9o a \u00e9t\u00e9 publi\u00e9e sur Instagram pour les comptes de @temporunclub et @adidas10kparis.<\/p>\t\t\t\t\t\t\t\t<\/div>\n\t\t\t\t<\/div>\n\t\t\t\t\t<\/div>\n\t\t\t\t<\/div>\n\t\t\t\t<\/div>\n\t\t\t\t\t<\/div>\n\t\t\t\t<\/div>\n\t\t<div class=\"elementor-element elementor-element-82ca138 e-flex e-con-boxed wpr-particle-no wpr-jarallax-no wpr-parallax-no wpr-sticky-section-no e-con e-parent\" data-id=\"82ca138\" data-element_type=\"container\">\n\t\t\t\t\t<div class=\"e-con-inner\">\n\t\t\t\t<div class=\"elementor-element elementor-element-f2a41a2 elementor-widget elementor-widget-heading\" data-id=\"f2a41a2\" data-element_type=\"widget\" data-widget_type=\"heading.default\">\n\t\t\t\t<div class=\"elementor-widget-container\">\n\t\t\t\t\t<h2 class=\"elementor-heading-title elementor-size-default\">La vid\u00e9o \u2b07\ufe0f<\/h2>\t\t\t\t<\/div>\n\t\t\t\t<\/div>\n\t\t\t\t\t<\/div>\n\t\t\t\t<\/div>\n\t\t<div class=\"elementor-element elementor-element-bbabaf4 e-flex e-con-boxed wpr-particle-no wpr-jarallax-no wpr-parallax-no wpr-sticky-section-no e-con e-parent\" data-id=\"bbabaf4\" data-element_type=\"container\">\n\t\t\t\t\t<div class=\"e-con-inner\">\n\t\t\t\t<div class=\"elementor-element elementor-element-169758e elementor-widget elementor-widget-image\" data-id=\"169758e\" data-element_type=\"widget\" data-widget_type=\"image.default\">\n\t\t\t\t<div class=\"elementor-widget-container\">\n\t\t\t\t\t\t\t\t\t\t\t\t\t\t\t\t<a href=\"https:\/\/www.instagram.com\/reel\/C7jFtp6N8Ah\/?utm_source=ig_web_copy_link\" target=\"_blank\">\n\t\t\t\t\t\t\t<img fetchpriority=\"high\" decoding=\"async\" width=\"1000\" height=\"500\" src=\"https:\/\/julientaran.com\/wp-content\/uploads\/2024\/06\/Bandeau_mobile.png\" class=\"attachment-large size-large wp-image-1154\" alt=\"\" srcset=\"https:\/\/julientaran.com\/wp-content\/uploads\/2024\/06\/Bandeau_mobile.png 1000w, https:\/\/julientaran.com\/wp-content\/uploads\/2024\/06\/Bandeau_mobile-300x150.png 300w, https:\/\/julientaran.com\/wp-content\/uploads\/2024\/06\/Bandeau_mobile-768x384.png 768w\" sizes=\"(max-width: 1000px) 100vw, 1000px\" \/>\t\t\t\t\t\t\t\t<\/a>\n\t\t\t\t\t\t\t\t\t\t\t\t\t\t\t<\/div>\n\t\t\t\t<\/div>\n\t\t\t\t\t<\/div>\n\t\t\t\t<\/div>\n\t\t\t\t<\/div>\n\t\t","protected":false},"excerpt":{"rendered":"<p>http:\/\/julientaran.com\/wp-content\/uploads\/2024\/06\/10k-adidas.mp4 ADIDAS 10K PARIS CADREUR Le collectif TRC &#8211; The Running Collective a eu pour mission de mener l&#8217;allure lors de cet \u00e9v\u00e8nement organis\u00e9 par Adidas. Leur objectif: maintenir le rythme \u00e0 la seconde pr\u00e8s pour&nbsp; pour les participants \u00e0 cette course de 10 kilom\u00e8tres dans les rues de Paris.&nbsp; Une vraie course contre la montre pour r\u00e9ussir \u00e0 filmer, avec un stabilisateur et une cam\u00e9ra \u00e0 bout de bras, les diff\u00e9rents moments cl\u00e9s de la course. La vid\u00e9o a \u00e9t\u00e9 publi\u00e9e sur Instagram pour les comptes de @temporunclub et @adidas10kparis. La vid\u00e9o \u2b07\ufe0f<\/p>\n","protected":false},"author":1,"featured_media":0,"parent":0,"menu_order":0,"comment_status":"closed","ping_status":"closed","template":"","meta":{"_monsterinsights_skip_tracking":false,"_monsterinsights_sitenote_active":false,"_monsterinsights_sitenote_note":"","_monsterinsights_sitenote_category":0,"ocean_post_layout":"","ocean_both_sidebars_style":"","ocean_both_sidebars_content_width":0,"ocean_both_sidebars_sidebars_width":0,"ocean_sidebar":"","ocean_second_sidebar":"","ocean_disable_margins":"enable","ocean_add_body_class":"","ocean_shortcode_before_top_bar":"","ocean_shortcode_after_top_bar":"","ocean_shortcode_before_header":"","ocean_shortcode_after_header":"","ocean_has_shortcode":"","ocean_shortcode_after_title":"","ocean_shortcode_before_footer_widgets":"","ocean_shortcode_after_footer_widgets":"","ocean_shortcode_before_footer_bottom":"","ocean_shortcode_after_footer_bottom":"","ocean_display_top_bar":"default","ocean_display_header":"default","ocean_header_style":"","ocean_center_header_left_menu":"","ocean_custom_header_template":"","ocean_custom_logo":0,"ocean_custom_retina_logo":0,"ocean_custom_logo_max_width":0,"ocean_custom_logo_tablet_max_width":0,"ocean_custom_logo_mobile_max_width":0,"ocean_custom_logo_max_height":0,"ocean_custom_logo_tablet_max_height":0,"ocean_custom_logo_mobile_max_height":0,"ocean_header_custom_menu":"","ocean_menu_typo_font_family":"","ocean_menu_typo_font_subset":"","ocean_menu_typo_font_size":0,"ocean_menu_typo_font_size_tablet":0,"ocean_menu_typo_font_size_mobile":0,"ocean_menu_typo_font_size_unit":"px","ocean_menu_typo_font_weight":"","ocean_menu_typo_font_weight_tablet":"","ocean_menu_typo_font_weight_mobile":"","ocean_menu_typo_transform":"","ocean_menu_typo_transform_tablet":"","ocean_menu_typo_transform_mobile":"","ocean_menu_typo_line_height":0,"ocean_menu_typo_line_height_tablet":0,"ocean_menu_typo_line_height_mobile":0,"ocean_menu_typo_line_height_unit":"","ocean_menu_typo_spacing":0,"ocean_menu_typo_spacing_tablet":0,"ocean_menu_typo_spacing_mobile":0,"ocean_menu_typo_spacing_unit":"","ocean_menu_link_color":"","ocean_menu_link_color_hover":"","ocean_menu_link_color_active":"","ocean_menu_link_background":"","ocean_menu_link_hover_background":"","ocean_menu_link_active_background":"","ocean_menu_social_links_bg":"","ocean_menu_social_hover_links_bg":"","ocean_menu_social_links_color":"","ocean_menu_social_hover_links_color":"","ocean_disable_title":"default","ocean_disable_heading":"default","ocean_post_title":"","ocean_post_subheading":"","ocean_post_title_style":"","ocean_post_title_background_color":"","ocean_post_title_background":0,"ocean_post_title_bg_image_position":"","ocean_post_title_bg_image_attachment":"","ocean_post_title_bg_image_repeat":"","ocean_post_title_bg_image_size":"","ocean_post_title_height":0,"ocean_post_title_bg_overlay":0.5,"ocean_post_title_bg_overlay_color":"","ocean_disable_breadcrumbs":"default","ocean_breadcrumbs_color":"","ocean_breadcrumbs_separator_color":"","ocean_breadcrumbs_links_color":"","ocean_breadcrumbs_links_hover_color":"","ocean_display_footer_widgets":"default","ocean_display_footer_bottom":"default","ocean_custom_footer_template":"","footnotes":""},"yoast_head":"<!-- This site is optimized with the Yoast SEO plugin v22.3 - https:\/\/yoast.com\/wordpress\/plugins\/seo\/ -->\n<title>10k Adidas &#8226; Julien TARAN<\/title>\n<meta name=\"robots\" content=\"noindex, follow\" \/>\n<meta property=\"og:locale\" content=\"en_US\" \/>\n<meta property=\"og:type\" content=\"article\" \/>\n<meta property=\"og:title\" content=\"10k Adidas &#8226; Julien TARAN\" \/>\n<meta property=\"og:description\" content=\"http:\/\/julientaran.com\/wp-content\/uploads\/2024\/06\/10k-adidas.mp4 ADIDAS 10K PARIS CADREUR Le collectif TRC &#8211; The Running Collective a eu pour mission de mener l&#8217;allure lors de cet \u00e9v\u00e8nement organis\u00e9 par Adidas. Leur objectif: maintenir le rythme \u00e0 la seconde pr\u00e8s pour&nbsp; pour les participants \u00e0 cette course de 10 kilom\u00e8tres dans les rues de Paris.&nbsp; Une vraie course contre la montre pour r\u00e9ussir \u00e0 filmer, avec un stabilisateur et une cam\u00e9ra \u00e0 bout de bras, les diff\u00e9rents moments cl\u00e9s de la course. La vid\u00e9o a \u00e9t\u00e9 publi\u00e9e sur Instagram pour les comptes de @temporunclub et @adidas10kparis. La vid\u00e9o \u2b07\ufe0f\" \/>\n<meta property=\"og:url\" content=\"https:\/\/julientaran.com\/index.php\/10k-adidas\/\" \/>\n<meta property=\"og:site_name\" content=\"Julien TARAN\" \/>\n<meta property=\"article:modified_time\" content=\"2024-07-09T15:55:21+00:00\" \/>\n<meta property=\"og:image\" content=\"http:\/\/julientaran.com\/wp-content\/uploads\/2024\/06\/Bandeau_mobile.png\" \/>\n<meta name=\"twitter:card\" content=\"summary_large_image\" \/>\n<meta name=\"twitter:label1\" content=\"Est. reading time\" \/>\n\t<meta name=\"twitter:data1\" content=\"1 minute\" \/>\n<script type=\"application\/ld+json\" class=\"yoast-schema-graph\">{\"@context\":\"https:\/\/schema.org\",\"@graph\":[{\"@type\":\"WebPage\",\"@id\":\"https:\/\/julientaran.com\/index.php\/10k-adidas\/\",\"url\":\"https:\/\/julientaran.com\/index.php\/10k-adidas\/\",\"name\":\"10k Adidas &#8226; Julien TARAN\",\"isPartOf\":{\"@id\":\"https:\/\/julientaran.com\/#website\"},\"primaryImageOfPage\":{\"@id\":\"https:\/\/julientaran.com\/index.php\/10k-adidas\/#primaryimage\"},\"image\":{\"@id\":\"https:\/\/julientaran.com\/index.php\/10k-adidas\/#primaryimage\"},\"thumbnailUrl\":\"http:\/\/julientaran.com\/wp-content\/uploads\/2024\/06\/Bandeau_mobile.png\",\"datePublished\":\"2024-06-20T16:44:46+00:00\",\"dateModified\":\"2024-07-09T15:55:21+00:00\",\"breadcrumb\":{\"@id\":\"https:\/\/julientaran.com\/index.php\/10k-adidas\/#breadcrumb\"},\"inLanguage\":\"en-US\",\"potentialAction\":[{\"@type\":\"ReadAction\",\"target\":[\"https:\/\/julientaran.com\/index.php\/10k-adidas\/\"]}]},{\"@type\":\"ImageObject\",\"inLanguage\":\"en-US\",\"@id\":\"https:\/\/julientaran.com\/index.php\/10k-adidas\/#primaryimage\",\"url\":\"https:\/\/julientaran.com\/wp-content\/uploads\/2024\/06\/Bandeau_mobile.png\",\"contentUrl\":\"https:\/\/julientaran.com\/wp-content\/uploads\/2024\/06\/Bandeau_mobile.png\",\"width\":1000,\"height\":500},{\"@type\":\"BreadcrumbList\",\"@id\":\"https:\/\/julientaran.com\/index.php\/10k-adidas\/#breadcrumb\",\"itemListElement\":[{\"@type\":\"ListItem\",\"position\":1,\"name\":\"Accueil\",\"item\":\"https:\/\/julientaran.com\/\"},{\"@type\":\"ListItem\",\"position\":2,\"name\":\"10k Adidas\"}]},{\"@type\":\"WebSite\",\"@id\":\"https:\/\/julientaran.com\/#website\",\"url\":\"https:\/\/julientaran.com\/\",\"name\":\"Julien TARAN\",\"description\":\"\",\"publisher\":{\"@id\":\"https:\/\/julientaran.com\/#organization\"},\"potentialAction\":[{\"@type\":\"SearchAction\",\"target\":{\"@type\":\"EntryPoint\",\"urlTemplate\":\"https:\/\/julientaran.com\/?s={search_term_string}\"},\"query-input\":\"required name=search_term_string\"}],\"inLanguage\":\"en-US\"},{\"@type\":\"Organization\",\"@id\":\"https:\/\/julientaran.com\/#organization\",\"name\":\"Julien TARAN\",\"url\":\"https:\/\/julientaran.com\/\",\"logo\":{\"@type\":\"ImageObject\",\"inLanguage\":\"en-US\",\"@id\":\"https:\/\/julientaran.com\/#\/schema\/logo\/image\/\",\"url\":\"http:\/\/julientaran.com\/wp-content\/uploads\/2023\/11\/cropped-Logo-Noir-1@60x-1.png\",\"contentUrl\":\"http:\/\/julientaran.com\/wp-content\/uploads\/2023\/11\/cropped-Logo-Noir-1@60x-1.png\",\"width\":99,\"height\":87,\"caption\":\"Julien TARAN\"},\"image\":{\"@id\":\"https:\/\/julientaran.com\/#\/schema\/logo\/image\/\"}}]}<\/script>\n<!-- \/ Yoast SEO plugin. -->","yoast_head_json":{"title":"10k Adidas &#8226; Julien TARAN","robots":{"index":"noindex","follow":"follow"},"og_locale":"en_US","og_type":"article","og_title":"10k Adidas &#8226; Julien TARAN","og_description":"http:\/\/julientaran.com\/wp-content\/uploads\/2024\/06\/10k-adidas.mp4 ADIDAS 10K PARIS CADREUR Le collectif TRC &#8211; The Running Collective a eu pour mission de mener l&#8217;allure lors de cet \u00e9v\u00e8nement organis\u00e9 par Adidas. Leur objectif: maintenir le rythme \u00e0 la seconde pr\u00e8s pour&nbsp; pour les participants \u00e0 cette course de 10 kilom\u00e8tres dans les rues de Paris.&nbsp; Une vraie course contre la montre pour r\u00e9ussir \u00e0 filmer, avec un stabilisateur et une cam\u00e9ra \u00e0 bout de bras, les diff\u00e9rents moments cl\u00e9s de la course. La vid\u00e9o a \u00e9t\u00e9 publi\u00e9e sur Instagram pour les comptes de @temporunclub et @adidas10kparis. La vid\u00e9o \u2b07\ufe0f","og_url":"https:\/\/julientaran.com\/index.php\/10k-adidas\/","og_site_name":"Julien TARAN","article_modified_time":"2024-07-09T15:55:21+00:00","og_image":[{"url":"http:\/\/julientaran.com\/wp-content\/uploads\/2024\/06\/Bandeau_mobile.png"}],"twitter_card":"summary_large_image","twitter_misc":{"Est. reading time":"1 minute"},"schema":{"@context":"https:\/\/schema.org","@graph":[{"@type":"WebPage","@id":"https:\/\/julientaran.com\/index.php\/10k-adidas\/","url":"https:\/\/julientaran.com\/index.php\/10k-adidas\/","name":"10k Adidas &#8226; Julien TARAN","isPartOf":{"@id":"https:\/\/julientaran.com\/#website"},"primaryImageOfPage":{"@id":"https:\/\/julientaran.com\/index.php\/10k-adidas\/#primaryimage"},"image":{"@id":"https:\/\/julientaran.com\/index.php\/10k-adidas\/#primaryimage"},"thumbnailUrl":"http:\/\/julientaran.com\/wp-content\/uploads\/2024\/06\/Bandeau_mobile.png","datePublished":"2024-06-20T16:44:46+00:00","dateModified":"2024-07-09T15:55:21+00:00","breadcrumb":{"@id":"https:\/\/julientaran.com\/index.php\/10k-adidas\/#breadcrumb"},"inLanguage":"en-US","potentialAction":[{"@type":"ReadAction","target":["https:\/\/julientaran.com\/index.php\/10k-adidas\/"]}]},{"@type":"ImageObject","inLanguage":"en-US","@id":"https:\/\/julientaran.com\/index.php\/10k-adidas\/#primaryimage","url":"https:\/\/julientaran.com\/wp-content\/uploads\/2024\/06\/Bandeau_mobile.png","contentUrl":"https:\/\/julientaran.com\/wp-content\/uploads\/2024\/06\/Bandeau_mobile.png","width":1000,"height":500},{"@type":"BreadcrumbList","@id":"https:\/\/julientaran.com\/index.php\/10k-adidas\/#breadcrumb","itemListElement":[{"@type":"ListItem","position":1,"name":"Accueil","item":"https:\/\/julientaran.com\/"},{"@type":"ListItem","position":2,"name":"10k Adidas"}]},{"@type":"WebSite","@id":"https:\/\/julientaran.com\/#website","url":"https:\/\/julientaran.com\/","name":"Julien TARAN","description":"","publisher":{"@id":"https:\/\/julientaran.com\/#organization"},"potentialAction":[{"@type":"SearchAction","target":{"@type":"EntryPoint","urlTemplate":"https:\/\/julientaran.com\/?s={search_term_string}"},"query-input":"required name=search_term_string"}],"inLanguage":"en-US"},{"@type":"Organization","@id":"https:\/\/julientaran.com\/#organization","name":"Julien TARAN","url":"https:\/\/julientaran.com\/","logo":{"@type":"ImageObject","inLanguage":"en-US","@id":"https:\/\/julientaran.com\/#\/schema\/logo\/image\/","url":"http:\/\/julientaran.com\/wp-content\/uploads\/2023\/11\/cropped-Logo-Noir-1@60x-1.png","contentUrl":"http:\/\/julientaran.com\/wp-content\/uploads\/2023\/11\/cropped-Logo-Noir-1@60x-1.png","width":99,"height":87,"caption":"Julien TARAN"},"image":{"@id":"https:\/\/julientaran.com\/#\/schema\/logo\/image\/"}}]}},"_links":{"self":[{"href":"https:\/\/julientaran.com\/index.php\/wp-json\/wp\/v2\/pages\/1166"}],"collection":[{"href":"https:\/\/julientaran.com\/index.php\/wp-json\/wp\/v2\/pages"}],"about":[{"href":"https:\/\/julientaran.com\/index.php\/wp-json\/wp\/v2\/types\/page"}],"author":[{"embeddable":true,"href":"https:\/\/julientaran.com\/index.php\/wp-json\/wp\/v2\/users\/1"}],"replies":[{"embeddable":true,"href":"https:\/\/julientaran.com\/index.php\/wp-json\/wp\/v2\/comments?post=1166"}],"version-history":[{"count":13,"href":"https:\/\/julientaran.com\/index.php\/wp-json\/wp\/v2\/pages\/1166\/revisions"}],"predecessor-version":[{"id":1190,"href":"https:\/\/julientaran.com\/index.php\/wp-json\/wp\/v2\/pages\/1166\/revisions\/1190"}],"wp:attachment":[{"href":"https:\/\/julientaran.com\/index.php\/wp-json\/wp\/v2\/media?parent=1166"}],"curies":[{"name":"wp","href":"https:\/\/api.w.org\/{rel}","templated":true}]}}